{"id":240,"date":"2021-04-22T14:00:39","date_gmt":"2021-04-22T14:00:39","guid":{"rendered":"https:\/\/dev.jf-alferce.pt\/?page_id=240"},"modified":"2026-04-20T12:03:15","modified_gmt":"2026-04-20T11:03:15","slug":"mensagem-presidente","status":"publish","type":"page","link":"https:\/\/jf-alferce.pt\/?page_id=240","title":{"rendered":"Mensagem do Presidente"},"content":{"rendered":"\t\t<div data-elementor-type=\"wp-page\" data-elementor-id=\"240\" class=\"elementor elementor-240\" data-elementor-post-type=\"page\">\n\t\t\t\t\t\t<section class=\"elementor-section elementor-top-section elementor-element elementor-element-30e3291 elementor-section-boxed elementor-section-height-default elementor-section-height-default\" data-id=\"30e3291\" data-element_type=\"section\" data-settings=\"{&quot;jet_parallax_layout_list&quot;:[]}\">\n\t\t\t\t\t\t<div class=\"elementor-container elementor-column-gap-default\">\n\t\t\t\t\t<div class=\"elementor-column elementor-col-100 elementor-top-column elementor-element elementor-element-20b2987\" data-id=\"20b2987\" data-element_type=\"column\">\n\t\t\t<div class=\"elementor-widget-wrap elementor-element-populated\">\n\t\t\t\t\t\t<div class=\"elementor-element elementor-element-ca6c018 elementor-widget__width-initial elementor-widget elementor-widget-text-editor\" data-id=\"ca6c018\" data-element_type=\"widget\" data-widget_type=\"text-editor.default\">\n\t\t\t\t<div class=\"elementor-widget-container\">\n\t\t\t\t\t\t\t<p><img fetchpriority=\"high\" decoding=\"async\" class=\"alignnone size-medium wp-image-2289\" src=\"https:\/\/jf-alferce.pt\/wp-content\/uploads\/2025\/11\/Nuno2-300x222.jpg\" alt=\"\" width=\"300\" height=\"222\" srcset=\"https:\/\/jf-alferce.pt\/wp-content\/uploads\/2025\/11\/Nuno2-300x222.jpg 300w, https:\/\/jf-alferce.pt\/wp-content\/uploads\/2025\/11\/Nuno2.jpg 571w\" sizes=\"(max-width: 300px) 100vw, 300px\" \/><\/p><p>Caras amigas e amigos<\/p><p>\u00c9 com enorme satisfa\u00e7\u00e3o que vos dou as boas-vindas ao site da nossa Junta de Freguesia. Este espa\u00e7o foi criado a pensar em todos v\u00f3s, os que aqui\u00a0vivem , os que est\u00e3o longe mas mant\u00e9m Alferce no cora\u00e7\u00e3o, e todos aqueles que nos visitam e se apaixonam pela nossa terra. Queremos que este seja um ponto de encontro, um canal aberto de comunica\u00e7\u00e3o e partilha, onde a proximidade e a uni\u00e3o estejam\u00a0sempre presentes.<\/p><p>Alferce \u00e9 uma\u00a0 freguesia especial, feita de paisagens \u00fanicas, tradi\u00e7\u00f5es\u00a0vivas e, sobretudo, de pessoas genu\u00ednas e trabalhadoras, Aqui cada canto tem uma hist\u00f3ria, cada rosto representa o esp\u00edrito da nossa comunidade, e cada gesto de entreajuda mostra a for\u00e7a da nossa uni\u00e3o. \u00c9 essa liga\u00e7\u00e3o entre as pessoas que faz de Alferce uma terra com alma e identidade pr\u00f3prias.<\/p><p>Na Junta de Freguesia, trabalhamos todos os dias com dedica\u00e7\u00e3o e sentido de responsabilidade para responder \u00e0s necessidades da popula\u00e7\u00e3o\u00a0 e melhorar a qualidade de vida de quem c\u00e1 vive. Queremos estar cada vez mais pr\u00f3ximos, ouvir as pessoas, apoiar as suas iniciativas e construir solu\u00e7\u00f5es em conjunto. S\u00f3 com proximidade e di\u00e1logo se criam pontes verdadeiras entre a junta e os cidad\u00e3os.<\/p><p>O nosso compromisso \u00e9 cuidar do que \u00e9 nosso, valorizar\u00a0o patrim\u00f3nio, proteger o ambiente, apoiar as associa\u00e7\u00f5es\u00a0locais e promover actividades que reforcem o orgulho em ser de Alferce. Acreditamos que \u00e9 atrav\u00e9s da uni\u00e3o e\u00a0 da proximidade que\u00a0 conseguimos continuar a fazer da nossa freguesia um lugar melhor, mais solid\u00e1rio e com futuro.<\/p><p>Convido todos a acompanharem o nosso trabalho, a participarem ativamente\u00a0e a usarem este site como mais uma forma de contacto e colabora\u00e7\u00e3o. Juntos, com esp\u00edrito de comunidade e vontade\u00a0 de fazer, continuaremos a honrar o passado e\u00a0 preparar o futuro de Alferce.<\/p><p>Um abra\u00e7o amigo,<\/p><p>Nuno Miguel Branco Guerreiro<\/p><p>Presidente da Junta de Freguesia de Alferce<\/p>\t\t\t\t\t\t<\/div>\n\t\t\t\t<\/div>\n\t\t\t\t\t<\/div>\n\t\t<\/div>\n\t\t\t\t\t<\/div>\n\t\t<\/section>\n\t\t\t\t<\/div>\n\t\t","protected":false},"excerpt":{"rendered":"<p>Caras amigas e amigos \u00c9 com enorme satisfa\u00e7\u00e3o que vos dou as boas-vindas ao site da nossa Junta de Freguesia. Este espa\u00e7o foi criado a pensar em todos v\u00f3s, os que aqui\u00a0vivem , os que est\u00e3o longe mas mant\u00e9m Alferce no cora\u00e7\u00e3o, e todos aqueles que nos visitam e se apaixonam pela nossa terra. Queremos [&hellip;]<\/p>\n","protected":false},"author":1,"featured_media":0,"parent":0,"menu_order":0,"comment_status":"closed","ping_status":"closed","template":"","meta":{"footnotes":""},"class_list":["post-240","page","type-page","status-publish","hentry"],"_links":{"self":[{"href":"https:\/\/jf-alferce.pt\/index.php?rest_route=\/wp\/v2\/pages\/240","targetHints":{"allow":["GET"]}}],"collection":[{"href":"https:\/\/jf-alferce.pt\/index.php?rest_route=\/wp\/v2\/pages"}],"about":[{"href":"https:\/\/jf-alferce.pt\/index.php?rest_route=\/wp\/v2\/types\/page"}],"author":[{"embeddable":true,"href":"https:\/\/jf-alferce.pt\/index.php?rest_route=\/wp\/v2\/users\/1"}],"replies":[{"embeddable":true,"href":"https:\/\/jf-alferce.pt\/index.php?rest_route=%2Fwp%2Fv2%2Fcomments&post=240"}],"version-history":[{"count":17,"href":"https:\/\/jf-alferce.pt\/index.php?rest_route=\/wp\/v2\/pages\/240\/revisions"}],"predecessor-version":[{"id":2827,"href":"https:\/\/jf-alferce.pt\/index.php?rest_route=\/wp\/v2\/pages\/240\/revisions\/2827"}],"wp:attachment":[{"href":"https:\/\/jf-alferce.pt\/index.php?rest_route=%2Fwp%2Fv2%2Fmedia&parent=240"}],"curies":[{"name":"wp","href":"https:\/\/api.w.org\/{rel}","templated":true}]}}