{"id":2467,"date":"2026-04-15T15:14:30","date_gmt":"2026-04-15T14:14:30","guid":{"rendered":"https:\/\/jf-alferce.pt\/?page_id=2467"},"modified":"2026-04-15T15:14:30","modified_gmt":"2026-04-15T14:14:30","slug":"espelho-dagua","status":"publish","type":"page","link":"https:\/\/jf-alferce.pt\/?page_id=2467","title":{"rendered":"Espelho D&#8217;\u00c1gua"},"content":{"rendered":"\t\t<div data-elementor-type=\"wp-page\" data-elementor-id=\"2467\" class=\"elementor elementor-2467\" data-elementor-post-type=\"page\">\n\t\t\t\t\t\t<section class=\"elementor-section elementor-top-section elementor-element elementor-element-9991ba9 elementor-section-boxed elementor-section-height-default elementor-section-height-default\" data-id=\"9991ba9\" data-element_type=\"section\" data-settings=\"{&quot;jet_parallax_layout_list&quot;:[]}\">\n\t\t\t\t\t\t<div class=\"elementor-container elementor-column-gap-default\">\n\t\t\t\t\t<div class=\"elementor-column elementor-col-100 elementor-top-column elementor-element elementor-element-df0b372\" data-id=\"df0b372\" data-element_type=\"column\">\n\t\t\t<div class=\"elementor-widget-wrap elementor-element-populated\">\n\t\t\t\t\t\t<div class=\"elementor-element elementor-element-c4d6c5e elementor-widget elementor-widget-spacer\" data-id=\"c4d6c5e\" data-element_type=\"widget\" data-widget_type=\"spacer.default\">\n\t\t\t\t<div class=\"elementor-widget-container\">\n\t\t\t\t\t<div class=\"elementor-spacer\">\n\t\t\t<div class=\"elementor-spacer-inner\"><\/div>\n\t\t<\/div>\n\t\t\t\t<\/div>\n\t\t\t\t<\/div>\n\t\t\t\t\t<\/div>\n\t\t<\/div>\n\t\t\t\t\t<\/div>\n\t\t<\/section>\n\t\t\t\t<section class=\"elementor-section elementor-top-section elementor-element elementor-element-49d3bf5 elementor-section-boxed elementor-section-height-default elementor-section-height-default\" data-id=\"49d3bf5\" data-element_type=\"section\" data-settings=\"{&quot;jet_parallax_layout_list&quot;:[]}\">\n\t\t\t\t\t\t<div class=\"elementor-container elementor-column-gap-default\">\n\t\t\t\t\t<div class=\"elementor-column elementor-col-100 elementor-top-column elementor-element elementor-element-b8877ab\" data-id=\"b8877ab\" data-element_type=\"column\">\n\t\t\t<div class=\"elementor-widget-wrap elementor-element-populated\">\n\t\t\t\t\t\t<div class=\"elementor-element elementor-element-f1d922f elementor-widget elementor-widget-image\" data-id=\"f1d922f\" data-element_type=\"widget\" data-widget_type=\"image.default\">\n\t\t\t\t<div class=\"elementor-widget-container\">\n\t\t\t\t\t\t\t\t\t\t\t\t\t<img fetchpriority=\"high\" decoding=\"async\" width=\"1600\" height=\"790\" src=\"https:\/\/jf-alferce.pt\/wp-content\/uploads\/2026\/04\/Espelho_de_Agua_Alferce.jpg\" class=\"attachment-full size-full wp-image-2466\" alt=\"\" srcset=\"https:\/\/jf-alferce.pt\/wp-content\/uploads\/2026\/04\/Espelho_de_Agua_Alferce.jpg 1600w, https:\/\/jf-alferce.pt\/wp-content\/uploads\/2026\/04\/Espelho_de_Agua_Alferce-300x148.jpg 300w, https:\/\/jf-alferce.pt\/wp-content\/uploads\/2026\/04\/Espelho_de_Agua_Alferce-1024x506.jpg 1024w, https:\/\/jf-alferce.pt\/wp-content\/uploads\/2026\/04\/Espelho_de_Agua_Alferce-768x379.jpg 768w, https:\/\/jf-alferce.pt\/wp-content\/uploads\/2026\/04\/Espelho_de_Agua_Alferce-1536x758.jpg 1536w, https:\/\/jf-alferce.pt\/wp-content\/uploads\/2026\/04\/elementor\/thumbs\/Espelho_de_Agua_Alferce-rlxy528vw96d195gqt1wrfa04fcc9l4htwm8w17x1y.jpg 30w\" sizes=\"(max-width: 1600px) 100vw, 1600px\" \/>\t\t\t\t\t\t\t\t\t\t\t\t\t<\/div>\n\t\t\t\t<\/div>\n\t\t\t\t\t<\/div>\n\t\t<\/div>\n\t\t\t\t\t<\/div>\n\t\t<\/section>\n\t\t\t\t<section class=\"elementor-section elementor-top-section elementor-element elementor-element-8afbc18 elementor-section-boxed elementor-section-height-default elementor-section-height-default\" data-id=\"8afbc18\" data-element_type=\"section\" data-settings=\"{&quot;jet_parallax_layout_list&quot;:[]}\">\n\t\t\t\t\t\t<div class=\"elementor-container elementor-column-gap-default\">\n\t\t\t\t\t<div class=\"elementor-column elementor-col-100 elementor-top-column elementor-element elementor-element-951abe9\" data-id=\"951abe9\" data-element_type=\"column\">\n\t\t\t<div class=\"elementor-widget-wrap elementor-element-populated\">\n\t\t\t\t\t\t<div class=\"elementor-element elementor-element-cc1ef15 elementor-widget elementor-widget-spacer\" data-id=\"cc1ef15\" data-element_type=\"widget\" data-widget_type=\"spacer.default\">\n\t\t\t\t<div class=\"elementor-widget-container\">\n\t\t\t\t\t<div class=\"elementor-spacer\">\n\t\t\t<div class=\"elementor-spacer-inner\"><\/div>\n\t\t<\/div>\n\t\t\t\t<\/div>\n\t\t\t\t<\/div>\n\t\t\t\t\t<\/div>\n\t\t<\/div>\n\t\t\t\t\t<\/div>\n\t\t<\/section>\n\t\t\t\t<section class=\"elementor-section elementor-top-section elementor-element elementor-element-2cf6379 elementor-section-boxed elementor-section-height-default elementor-section-height-default\" data-id=\"2cf6379\" data-element_type=\"section\" data-settings=\"{&quot;jet_parallax_layout_list&quot;:[]}\">\n\t\t\t\t\t\t<div class=\"elementor-container elementor-column-gap-default\">\n\t\t\t\t\t<div class=\"elementor-column elementor-col-100 elementor-top-column elementor-element elementor-element-9d00a84\" data-id=\"9d00a84\" data-element_type=\"column\">\n\t\t\t<div class=\"elementor-widget-wrap elementor-element-populated\">\n\t\t\t\t\t\t<div class=\"elementor-element elementor-element-cb08e5f elementor-widget elementor-widget-text-editor\" data-id=\"cb08e5f\" data-element_type=\"widget\" data-widget_type=\"text-editor.default\">\n\t\t\t\t<div class=\"elementor-widget-container\">\n\t\t\t\t\t\t\t<p>O Espelho d\u2019\u00c1gua de Alferce \u00e9 um equipamento p\u00fablico de lazer localizado no centro da aldeia. Este espa\u00e7o assume um papel importante na dinamiza\u00e7\u00e3o social e recreativa, sobretudo durante os meses de ver\u00e3o, proporcionando momentos de conv\u00edvio e bem-estar \u00e0 popula\u00e7\u00e3o local e aos visitantes.<\/p><p>\u00a0<\/p><p>Concebido como um espa\u00e7o de recreio aqu\u00e1tico, o Espelho D\u2019\u00c1gua funciona como piscina ao ar livre, adaptada \u00e0s caracter\u00edsticas da freguesia e ao contexto rural da Serra de Monchique. A sua utiliza\u00e7\u00e3o \u00e9 valorizada por fam\u00edlias, crian\u00e7as e jovens, tornando-se um ponto de encontro regular no per\u00edodo de ver\u00e3o.<\/p><p>\u00a0<\/p><p>A gest\u00e3o, funcionamento e per\u00edodos de abertura do Espelho d\u2019\u00c1gua s\u00e3o definidos pela Junta de Freguesia de Alferce, podendo variar consoante as condi\u00e7\u00f5es t\u00e9cnicas, de seguran\u00e7a e os recursos dispon\u00edveis, garantindo sempre a utiliza\u00e7\u00e3o respons\u00e1vel do espa\u00e7o.<\/p><p>\u00a0<\/p><p>Neste espa\u00e7o, existem casas-de-banho e uma zona relvada onde \u00e9 poss\u00edvel estender a toalha e utilizar guarda-s\u00f3is.<\/p>\t\t\t\t\t\t<\/div>\n\t\t\t\t<\/div>\n\t\t\t\t\t<\/div>\n\t\t<\/div>\n\t\t\t\t\t<\/div>\n\t\t<\/section>\n\t\t\t\t<section class=\"elementor-section elementor-top-section elementor-element elementor-element-2946908 elementor-section-boxed elementor-section-height-default elementor-section-height-default\" data-id=\"2946908\" data-element_type=\"section\" data-settings=\"{&quot;jet_parallax_layout_list&quot;:[]}\">\n\t\t\t\t\t\t<div class=\"elementor-container elementor-column-gap-default\">\n\t\t\t\t\t<div class=\"elementor-column elementor-col-100 elementor-top-column elementor-element elementor-element-fd844df\" data-id=\"fd844df\" data-element_type=\"column\">\n\t\t\t<div class=\"elementor-widget-wrap elementor-element-populated\">\n\t\t\t\t\t\t<div class=\"elementor-element elementor-element-0c9362b elementor-widget elementor-widget-spacer\" data-id=\"0c9362b\" data-element_type=\"widget\" data-widget_type=\"spacer.default\">\n\t\t\t\t<div class=\"elementor-widget-container\">\n\t\t\t\t\t<div class=\"elementor-spacer\">\n\t\t\t<div class=\"elementor-spacer-inner\"><\/div>\n\t\t<\/div>\n\t\t\t\t<\/div>\n\t\t\t\t<\/div>\n\t\t\t\t\t<\/div>\n\t\t<\/div>\n\t\t\t\t\t<\/div>\n\t\t<\/section>\n\t\t\t\t<\/div>\n\t\t","protected":false},"excerpt":{"rendered":"<p>O Espelho d\u2019\u00c1gua de Alferce \u00e9 um equipamento p\u00fablico de lazer localizado no centro da aldeia. Este espa\u00e7o assume um papel importante na dinamiza\u00e7\u00e3o social e recreativa, sobretudo durante os meses de ver\u00e3o, proporcionando momentos de conv\u00edvio e bem-estar \u00e0 popula\u00e7\u00e3o local e aos visitantes. Concebido como um espa\u00e7o de recreio aqu\u00e1tico, o Espelho D\u2019\u00c1gua [&hellip;]<\/p>\n","protected":false},"author":2,"featured_media":0,"parent":489,"menu_order":0,"comment_status":"closed","ping_status":"closed","template":"","meta":{"footnotes":""},"class_list":["post-2467","page","type-page","status-publish","hentry"],"_links":{"self":[{"href":"https:\/\/jf-alferce.pt\/index.php?rest_route=\/wp\/v2\/pages\/2467","targetHints":{"allow":["GET"]}}],"collection":[{"href":"https:\/\/jf-alferce.pt\/index.php?rest_route=\/wp\/v2\/pages"}],"about":[{"href":"https:\/\/jf-alferce.pt\/index.php?rest_route=\/wp\/v2\/types\/page"}],"author":[{"embeddable":true,"href":"https:\/\/jf-alferce.pt\/index.php?rest_route=\/wp\/v2\/users\/2"}],"replies":[{"embeddable":true,"href":"https:\/\/jf-alferce.pt\/index.php?rest_route=%2Fwp%2Fv2%2Fcomments&post=2467"}],"version-history":[{"count":11,"href":"https:\/\/jf-alferce.pt\/index.php?rest_route=\/wp\/v2\/pages\/2467\/revisions"}],"predecessor-version":[{"id":2714,"href":"https:\/\/jf-alferce.pt\/index.php?rest_route=\/wp\/v2\/pages\/2467\/revisions\/2714"}],"up":[{"embeddable":true,"href":"https:\/\/jf-alferce.pt\/index.php?rest_route=\/wp\/v2\/pages\/489"}],"wp:attachment":[{"href":"https:\/\/jf-alferce.pt\/index.php?rest_route=%2Fwp%2Fv2%2Fmedia&parent=2467"}],"curies":[{"name":"wp","href":"https:\/\/api.w.org\/{rel}","templated":true}]}}