{"id":2484,"date":"2026-04-15T15:15:47","date_gmt":"2026-04-15T14:15:47","guid":{"rendered":"https:\/\/jf-alferce.pt\/?page_id=2484"},"modified":"2026-04-15T15:15:47","modified_gmt":"2026-04-15T14:15:47","slug":"parque-infantil-e-ginasio-de-rua","status":"publish","type":"page","link":"https:\/\/jf-alferce.pt\/?page_id=2484","title":{"rendered":"Parque Infantil e Gin\u00e1sio de Rua"},"content":{"rendered":"\t\t<div data-elementor-type=\"wp-page\" data-elementor-id=\"2484\" class=\"elementor elementor-2484\" data-elementor-post-type=\"page\">\n\t\t\t\t\t\t<section class=\"elementor-section elementor-top-section elementor-element elementor-element-9991ba9 elementor-section-boxed elementor-section-height-default elementor-section-height-default\" data-id=\"9991ba9\" data-element_type=\"section\" data-settings=\"{&quot;jet_parallax_layout_list&quot;:[]}\">\n\t\t\t\t\t\t<div class=\"elementor-container elementor-column-gap-default\">\n\t\t\t\t\t<div class=\"elementor-column elementor-col-100 elementor-top-column elementor-element elementor-element-df0b372\" data-id=\"df0b372\" data-element_type=\"column\">\n\t\t\t<div class=\"elementor-widget-wrap elementor-element-populated\">\n\t\t\t\t\t\t<div class=\"elementor-element elementor-element-c4d6c5e elementor-widget elementor-widget-spacer\" data-id=\"c4d6c5e\" data-element_type=\"widget\" data-widget_type=\"spacer.default\">\n\t\t\t\t<div class=\"elementor-widget-container\">\n\t\t\t\t\t<div class=\"elementor-spacer\">\n\t\t\t<div class=\"elementor-spacer-inner\"><\/div>\n\t\t<\/div>\n\t\t\t\t<\/div>\n\t\t\t\t<\/div>\n\t\t\t\t\t<\/div>\n\t\t<\/div>\n\t\t\t\t\t<\/div>\n\t\t<\/section>\n\t\t\t\t<section class=\"elementor-section elementor-top-section elementor-element elementor-element-49d3bf5 elementor-section-boxed elementor-section-height-default elementor-section-height-default\" data-id=\"49d3bf5\" data-element_type=\"section\" data-settings=\"{&quot;jet_parallax_layout_list&quot;:[]}\">\n\t\t\t\t\t\t<div class=\"elementor-container elementor-column-gap-default\">\n\t\t\t\t\t<div class=\"elementor-column elementor-col-100 elementor-top-column elementor-element elementor-element-b8877ab\" data-id=\"b8877ab\" data-element_type=\"column\">\n\t\t\t<div class=\"elementor-widget-wrap elementor-element-populated\">\n\t\t\t\t\t\t<div class=\"elementor-element elementor-element-f220603 elementor-widget__width-initial elementor-widget elementor-widget-image\" data-id=\"f220603\" data-element_type=\"widget\" data-widget_type=\"image.default\">\n\t\t\t\t<div class=\"elementor-widget-container\">\n\t\t\t\t\t\t\t\t\t\t\t\t\t<img fetchpriority=\"high\" decoding=\"async\" width=\"800\" height=\"450\" src=\"https:\/\/jf-alferce.pt\/wp-content\/uploads\/2026\/04\/parque-infantil-ginasio-rua-1024x576.jpeg\" class=\"attachment-large size-large wp-image-2636\" alt=\"\" srcset=\"https:\/\/jf-alferce.pt\/wp-content\/uploads\/2026\/04\/parque-infantil-ginasio-rua-1024x576.jpeg 1024w, https:\/\/jf-alferce.pt\/wp-content\/uploads\/2026\/04\/parque-infantil-ginasio-rua-300x169.jpeg 300w, https:\/\/jf-alferce.pt\/wp-content\/uploads\/2026\/04\/parque-infantil-ginasio-rua-768x432.jpeg 768w, https:\/\/jf-alferce.pt\/wp-content\/uploads\/2026\/04\/parque-infantil-ginasio-rua-1536x864.jpeg 1536w, https:\/\/jf-alferce.pt\/wp-content\/uploads\/2026\/04\/parque-infantil-ginasio-rua.jpeg 2016w\" sizes=\"(max-width: 800px) 100vw, 800px\" \/>\t\t\t\t\t\t\t\t\t\t\t\t\t<\/div>\n\t\t\t\t<\/div>\n\t\t\t\t\t<\/div>\n\t\t<\/div>\n\t\t\t\t\t<\/div>\n\t\t<\/section>\n\t\t\t\t<section class=\"elementor-section elementor-top-section elementor-element elementor-element-8afbc18 elementor-section-boxed elementor-section-height-default elementor-section-height-default\" data-id=\"8afbc18\" data-element_type=\"section\" data-settings=\"{&quot;jet_parallax_layout_list&quot;:[]}\">\n\t\t\t\t\t\t<div class=\"elementor-container elementor-column-gap-default\">\n\t\t\t\t\t<div class=\"elementor-column elementor-col-100 elementor-top-column elementor-element elementor-element-951abe9\" data-id=\"951abe9\" data-element_type=\"column\">\n\t\t\t<div class=\"elementor-widget-wrap elementor-element-populated\">\n\t\t\t\t\t\t<div class=\"elementor-element elementor-element-cc1ef15 elementor-widget elementor-widget-spacer\" data-id=\"cc1ef15\" data-element_type=\"widget\" data-widget_type=\"spacer.default\">\n\t\t\t\t<div class=\"elementor-widget-container\">\n\t\t\t\t\t<div class=\"elementor-spacer\">\n\t\t\t<div class=\"elementor-spacer-inner\"><\/div>\n\t\t<\/div>\n\t\t\t\t<\/div>\n\t\t\t\t<\/div>\n\t\t\t\t\t<\/div>\n\t\t<\/div>\n\t\t\t\t\t<\/div>\n\t\t<\/section>\n\t\t\t\t<section class=\"elementor-section elementor-top-section elementor-element elementor-element-2cf6379 elementor-section-boxed elementor-section-height-default elementor-section-height-default\" data-id=\"2cf6379\" data-element_type=\"section\" data-settings=\"{&quot;jet_parallax_layout_list&quot;:[]}\">\n\t\t\t\t\t\t<div class=\"elementor-container elementor-column-gap-default\">\n\t\t\t\t\t<div class=\"elementor-column elementor-col-100 elementor-top-column elementor-element elementor-element-9d00a84\" data-id=\"9d00a84\" data-element_type=\"column\">\n\t\t\t<div class=\"elementor-widget-wrap elementor-element-populated\">\n\t\t\t\t\t\t<div class=\"elementor-element elementor-element-cb08e5f elementor-widget elementor-widget-text-editor\" data-id=\"cb08e5f\" data-element_type=\"widget\" data-widget_type=\"text-editor.default\">\n\t\t\t\t<div class=\"elementor-widget-container\">\n\t\t\t\t\t\t\t<p>O <strong>Parque Infantil de Alferce<\/strong> \u00e9 um espa\u00e7o p\u00fablico dedicado \u00e0s crian\u00e7as, proporcionando um ambiente seguro para brincadeira ao ar livre. Equipado com estruturas l\u00fadicas adaptadas a diferentes idades, este parque promove a socializa\u00e7\u00e3o, a criatividade e a atividade f\u00edsica desde a inf\u00e2ncia, contribuindo para h\u00e1bitos de vida saud\u00e1veis.<\/p><p>\u00a0<\/p><p>Complementarmente, o <strong>Gin\u00e1sio de Rua<\/strong> de Alferce oferece um conjunto de equipamentos de exerc\u00edcio f\u00edsico ao ar livre, acess\u00edveis a toda a popula\u00e7\u00e3o. Este espa\u00e7o foi concebido para incentivar a pr\u00e1tica regular de atividade f\u00edsica, permitindo a realiza\u00e7\u00e3o de exerc\u00edcios de manuten\u00e7\u00e3o, fortalecimento muscular e mobilidade, em contacto direto com o espa\u00e7o p\u00fablico e a envolvente natural da freguesia.<\/p><p>\u00a0<\/p><p>Ambos os equipamentos assumem uma fun\u00e7\u00e3o social relevante, funcionando como espa\u00e7os de conv\u00edvio intergeracional, onde crian\u00e7as, jovens, adultos e seniores podem usufruir de momentos de lazer e bem-estar. A sua localiza\u00e7\u00e3o em zona acess\u00edvel facilita a utiliza\u00e7\u00e3o quotidiana e refor\u00e7a a centralidade destes espa\u00e7os na vida comunit\u00e1ria.<\/p>\t\t\t\t\t\t<\/div>\n\t\t\t\t<\/div>\n\t\t\t\t\t<\/div>\n\t\t<\/div>\n\t\t\t\t\t<\/div>\n\t\t<\/section>\n\t\t\t\t<section class=\"elementor-section elementor-top-section elementor-element elementor-element-2946908 elementor-section-boxed elementor-section-height-default elementor-section-height-default\" data-id=\"2946908\" data-element_type=\"section\" data-settings=\"{&quot;jet_parallax_layout_list&quot;:[]}\">\n\t\t\t\t\t\t<div class=\"elementor-container elementor-column-gap-default\">\n\t\t\t\t\t<div class=\"elementor-column elementor-col-100 elementor-top-column elementor-element elementor-element-fd844df\" data-id=\"fd844df\" data-element_type=\"column\">\n\t\t\t<div class=\"elementor-widget-wrap elementor-element-populated\">\n\t\t\t\t\t\t<div class=\"elementor-element elementor-element-0c9362b elementor-widget elementor-widget-spacer\" data-id=\"0c9362b\" data-element_type=\"widget\" data-widget_type=\"spacer.default\">\n\t\t\t\t<div class=\"elementor-widget-container\">\n\t\t\t\t\t<div class=\"elementor-spacer\">\n\t\t\t<div class=\"elementor-spacer-inner\"><\/div>\n\t\t<\/div>\n\t\t\t\t<\/div>\n\t\t\t\t<\/div>\n\t\t\t\t\t<\/div>\n\t\t<\/div>\n\t\t\t\t\t<\/div>\n\t\t<\/section>\n\t\t\t\t<\/div>\n\t\t","protected":false},"excerpt":{"rendered":"<p>O Parque Infantil de Alferce \u00e9 um espa\u00e7o p\u00fablico dedicado \u00e0s crian\u00e7as, proporcionando um ambiente seguro para brincadeira ao ar livre. Equipado com estruturas l\u00fadicas adaptadas a diferentes idades, este parque promove a socializa\u00e7\u00e3o, a criatividade e a atividade f\u00edsica desde a inf\u00e2ncia, contribuindo para h\u00e1bitos de vida saud\u00e1veis. Complementarmente, o Gin\u00e1sio de Rua de [&hellip;]<\/p>\n","protected":false},"author":2,"featured_media":0,"parent":489,"menu_order":0,"comment_status":"closed","ping_status":"closed","template":"","meta":{"footnotes":""},"class_list":["post-2484","page","type-page","status-publish","hentry"],"_links":{"self":[{"href":"https:\/\/jf-alferce.pt\/index.php?rest_route=\/wp\/v2\/pages\/2484","targetHints":{"allow":["GET"]}}],"collection":[{"href":"https:\/\/jf-alferce.pt\/index.php?rest_route=\/wp\/v2\/pages"}],"about":[{"href":"https:\/\/jf-alferce.pt\/index.php?rest_route=\/wp\/v2\/types\/page"}],"author":[{"embeddable":true,"href":"https:\/\/jf-alferce.pt\/index.php?rest_route=\/wp\/v2\/users\/2"}],"replies":[{"embeddable":true,"href":"https:\/\/jf-alferce.pt\/index.php?rest_route=%2Fwp%2Fv2%2Fcomments&post=2484"}],"version-history":[{"count":8,"href":"https:\/\/jf-alferce.pt\/index.php?rest_route=\/wp\/v2\/pages\/2484\/revisions"}],"predecessor-version":[{"id":2715,"href":"https:\/\/jf-alferce.pt\/index.php?rest_route=\/wp\/v2\/pages\/2484\/revisions\/2715"}],"up":[{"embeddable":true,"href":"https:\/\/jf-alferce.pt\/index.php?rest_route=\/wp\/v2\/pages\/489"}],"wp:attachment":[{"href":"https:\/\/jf-alferce.pt\/index.php?rest_route=%2Fwp%2Fv2%2Fmedia&parent=2484"}],"curies":[{"name":"wp","href":"https:\/\/api.w.org\/{rel}","templated":true}]}}