{"id":2489,"date":"2026-04-14T12:17:11","date_gmt":"2026-04-14T11:17:11","guid":{"rendered":"https:\/\/jf-alferce.pt\/?page_id=2489"},"modified":"2026-04-15T15:12:05","modified_gmt":"2026-04-15T14:12:05","slug":"espaco-multiusos","status":"publish","type":"page","link":"https:\/\/jf-alferce.pt\/?page_id=2489","title":{"rendered":"Espa\u00e7o Multiusos"},"content":{"rendered":"\t\t<div data-elementor-type=\"wp-page\" data-elementor-id=\"2489\" class=\"elementor elementor-2489\" data-elementor-post-type=\"page\">\n\t\t\t\t\t\t<section class=\"elementor-section elementor-top-section elementor-element elementor-element-9991ba9 elementor-section-boxed elementor-section-height-default elementor-section-height-default\" data-id=\"9991ba9\" data-element_type=\"section\" data-settings=\"{&quot;jet_parallax_layout_list&quot;:[]}\">\n\t\t\t\t\t\t<div class=\"elementor-container elementor-column-gap-default\">\n\t\t\t\t\t<div class=\"elementor-column elementor-col-100 elementor-top-column elementor-element elementor-element-df0b372\" data-id=\"df0b372\" data-element_type=\"column\">\n\t\t\t<div class=\"elementor-widget-wrap elementor-element-populated\">\n\t\t\t\t\t\t<div class=\"elementor-element elementor-element-c4d6c5e elementor-widget elementor-widget-spacer\" data-id=\"c4d6c5e\" data-element_type=\"widget\" data-widget_type=\"spacer.default\">\n\t\t\t\t<div class=\"elementor-widget-container\">\n\t\t\t\t\t<div class=\"elementor-spacer\">\n\t\t\t<div class=\"elementor-spacer-inner\"><\/div>\n\t\t<\/div>\n\t\t\t\t<\/div>\n\t\t\t\t<\/div>\n\t\t\t\t\t<\/div>\n\t\t<\/div>\n\t\t\t\t\t<\/div>\n\t\t<\/section>\n\t\t\t\t<section class=\"elementor-section elementor-top-section elementor-element elementor-element-49d3bf5 elementor-section-boxed elementor-section-height-default elementor-section-height-default\" data-id=\"49d3bf5\" data-element_type=\"section\" data-settings=\"{&quot;jet_parallax_layout_list&quot;:[]}\">\n\t\t\t\t\t\t<div class=\"elementor-container elementor-column-gap-default\">\n\t\t\t\t\t<div class=\"elementor-column elementor-col-100 elementor-top-column elementor-element elementor-element-b8877ab\" data-id=\"b8877ab\" data-element_type=\"column\">\n\t\t\t<div class=\"elementor-widget-wrap elementor-element-populated\">\n\t\t\t\t\t\t<div class=\"elementor-element elementor-element-f220603 elementor-widget__width-initial elementor-widget elementor-widget-image\" data-id=\"f220603\" data-element_type=\"widget\" data-widget_type=\"image.default\">\n\t\t\t\t<div class=\"elementor-widget-container\">\n\t\t\t\t\t\t\t\t\t\t\t\t\t<img fetchpriority=\"high\" decoding=\"async\" width=\"800\" height=\"452\" src=\"https:\/\/jf-alferce.pt\/wp-content\/uploads\/2026\/04\/WhatsApp-Image-2026-04-14-at-11.33.50-3-1024x578.jpeg\" class=\"attachment-large size-large wp-image-2631\" alt=\"\" srcset=\"https:\/\/jf-alferce.pt\/wp-content\/uploads\/2026\/04\/WhatsApp-Image-2026-04-14-at-11.33.50-3-1024x578.jpeg 1024w, https:\/\/jf-alferce.pt\/wp-content\/uploads\/2026\/04\/WhatsApp-Image-2026-04-14-at-11.33.50-3-300x169.jpeg 300w, https:\/\/jf-alferce.pt\/wp-content\/uploads\/2026\/04\/WhatsApp-Image-2026-04-14-at-11.33.50-3-768x433.jpeg 768w, https:\/\/jf-alferce.pt\/wp-content\/uploads\/2026\/04\/WhatsApp-Image-2026-04-14-at-11.33.50-3-1536x866.jpeg 1536w, https:\/\/jf-alferce.pt\/wp-content\/uploads\/2026\/04\/WhatsApp-Image-2026-04-14-at-11.33.50-3.jpeg 2000w\" sizes=\"(max-width: 800px) 100vw, 800px\" \/>\t\t\t\t\t\t\t\t\t\t\t\t\t<\/div>\n\t\t\t\t<\/div>\n\t\t\t\t\t<\/div>\n\t\t<\/div>\n\t\t\t\t\t<\/div>\n\t\t<\/section>\n\t\t\t\t<section class=\"elementor-section elementor-top-section elementor-element elementor-element-8afbc18 elementor-section-boxed elementor-section-height-default elementor-section-height-default\" data-id=\"8afbc18\" data-element_type=\"section\" data-settings=\"{&quot;jet_parallax_layout_list&quot;:[]}\">\n\t\t\t\t\t\t<div class=\"elementor-container elementor-column-gap-default\">\n\t\t\t\t\t<div class=\"elementor-column elementor-col-100 elementor-top-column elementor-element elementor-element-951abe9\" data-id=\"951abe9\" data-element_type=\"column\">\n\t\t\t<div class=\"elementor-widget-wrap elementor-element-populated\">\n\t\t\t\t\t\t<div class=\"elementor-element elementor-element-cc1ef15 elementor-widget elementor-widget-spacer\" data-id=\"cc1ef15\" data-element_type=\"widget\" data-widget_type=\"spacer.default\">\n\t\t\t\t<div class=\"elementor-widget-container\">\n\t\t\t\t\t<div class=\"elementor-spacer\">\n\t\t\t<div class=\"elementor-spacer-inner\"><\/div>\n\t\t<\/div>\n\t\t\t\t<\/div>\n\t\t\t\t<\/div>\n\t\t\t\t\t<\/div>\n\t\t<\/div>\n\t\t\t\t\t<\/div>\n\t\t<\/section>\n\t\t\t\t<section class=\"elementor-section elementor-top-section elementor-element elementor-element-2cf6379 elementor-section-boxed elementor-section-height-default elementor-section-height-default\" data-id=\"2cf6379\" data-element_type=\"section\" data-settings=\"{&quot;jet_parallax_layout_list&quot;:[]}\">\n\t\t\t\t\t\t<div class=\"elementor-container elementor-column-gap-default\">\n\t\t\t\t\t<div class=\"elementor-column elementor-col-100 elementor-top-column elementor-element elementor-element-9d00a84\" data-id=\"9d00a84\" data-element_type=\"column\">\n\t\t\t<div class=\"elementor-widget-wrap elementor-element-populated\">\n\t\t\t\t\t\t<div class=\"elementor-element elementor-element-cb08e5f elementor-widget elementor-widget-text-editor\" data-id=\"cb08e5f\" data-element_type=\"widget\" data-widget_type=\"text-editor.default\">\n\t\t\t\t<div class=\"elementor-widget-container\">\n\t\t\t\t\t\t\t<p>O Espa\u00e7o Multiusos de Alferce \u00e9 um equipamento p\u00fablico polivalente concebido para acolher atividades promovidas pela Junta de Freguesia, associa\u00e7\u00f5es locais e outras entidades.<\/p><p>\u00a0<\/p><p>\u00a0<\/p><p>Dotado de uma sala ampla e vers\u00e1til, o espa\u00e7o multiusos permite a realiza\u00e7\u00e3o de eventos culturais, exposi\u00e7\u00f5es, reuni\u00f5es, a\u00e7\u00f5es de forma\u00e7\u00e3o, atividades recreativas, sess\u00f5es informativas e iniciativas de car\u00e1cter social, adaptando-se \u00e0s necessidades da comunidade.<\/p><p>\u00a0<\/p><p>A gest\u00e3o e utiliza\u00e7\u00e3o do Espa\u00e7o Multiusos de Alferce s\u00e3o asseguradas pela Junta de Freguesia de Alferce. Atrav\u00e9s do <a href=\"https:\/\/jf-alferce.pt\/wp-content\/uploads\/2021\/05\/Regulamento-de-Utilizacao-da-Sala-Audiovisual-e-Exposicoes.pdf\">Regulamento de Utiliza\u00e7\u00e3o<\/a> deste espa\u00e7o e do Regulamento e Tabela de Taxas, os interessados podem obter mais informa\u00e7\u00e3o sobre a sua ced\u00eancia. Para verificar disponibilidade aconselhamos que contacte diretamente os servi\u00e7os da Junta de Freguesia.\u00a0<\/p><p>\u00a0<\/p>\t\t\t\t\t\t<\/div>\n\t\t\t\t<\/div>\n\t\t\t\t\t<\/div>\n\t\t<\/div>\n\t\t\t\t\t<\/div>\n\t\t<\/section>\n\t\t\t\t<section class=\"elementor-section elementor-top-section elementor-element elementor-element-2946908 elementor-section-boxed elementor-section-height-default elementor-section-height-default\" data-id=\"2946908\" data-element_type=\"section\" data-settings=\"{&quot;jet_parallax_layout_list&quot;:[]}\">\n\t\t\t\t\t\t<div class=\"elementor-container elementor-column-gap-default\">\n\t\t\t\t\t<div class=\"elementor-column elementor-col-100 elementor-top-column elementor-element elementor-element-fd844df\" data-id=\"fd844df\" data-element_type=\"column\">\n\t\t\t<div class=\"elementor-widget-wrap elementor-element-populated\">\n\t\t\t\t\t\t<div class=\"elementor-element elementor-element-0c9362b elementor-widget elementor-widget-spacer\" data-id=\"0c9362b\" data-element_type=\"widget\" data-widget_type=\"spacer.default\">\n\t\t\t\t<div class=\"elementor-widget-container\">\n\t\t\t\t\t<div class=\"elementor-spacer\">\n\t\t\t<div class=\"elementor-spacer-inner\"><\/div>\n\t\t<\/div>\n\t\t\t\t<\/div>\n\t\t\t\t<\/div>\n\t\t\t\t\t<\/div>\n\t\t<\/div>\n\t\t\t\t\t<\/div>\n\t\t<\/section>\n\t\t\t\t<\/div>\n\t\t","protected":false},"excerpt":{"rendered":"<p>O Espa\u00e7o Multiusos de Alferce \u00e9 um equipamento p\u00fablico polivalente concebido para acolher atividades promovidas pela Junta de Freguesia, associa\u00e7\u00f5es locais e outras entidades. \u00a0 \u00a0 Dotado de uma sala ampla e vers\u00e1til, o espa\u00e7o multiusos permite a realiza\u00e7\u00e3o de eventos culturais, exposi\u00e7\u00f5es, reuni\u00f5es, a\u00e7\u00f5es de forma\u00e7\u00e3o, atividades recreativas, sess\u00f5es informativas e iniciativas de car\u00e1cter [&hellip;]<\/p>\n","protected":false},"author":2,"featured_media":0,"parent":489,"menu_order":0,"comment_status":"closed","ping_status":"closed","template":"","meta":{"footnotes":""},"class_list":["post-2489","page","type-page","status-publish","hentry"],"_links":{"self":[{"href":"https:\/\/jf-alferce.pt\/index.php?rest_route=\/wp\/v2\/pages\/2489","targetHints":{"allow":["GET"]}}],"collection":[{"href":"https:\/\/jf-alferce.pt\/index.php?rest_route=\/wp\/v2\/pages"}],"about":[{"href":"https:\/\/jf-alferce.pt\/index.php?rest_route=\/wp\/v2\/types\/page"}],"author":[{"embeddable":true,"href":"https:\/\/jf-alferce.pt\/index.php?rest_route=\/wp\/v2\/users\/2"}],"replies":[{"embeddable":true,"href":"https:\/\/jf-alferce.pt\/index.php?rest_route=%2Fwp%2Fv2%2Fcomments&post=2489"}],"version-history":[{"count":10,"href":"https:\/\/jf-alferce.pt\/index.php?rest_route=\/wp\/v2\/pages\/2489\/revisions"}],"predecessor-version":[{"id":2713,"href":"https:\/\/jf-alferce.pt\/index.php?rest_route=\/wp\/v2\/pages\/2489\/revisions\/2713"}],"up":[{"embeddable":true,"href":"https:\/\/jf-alferce.pt\/index.php?rest_route=\/wp\/v2\/pages\/489"}],"wp:attachment":[{"href":"https:\/\/jf-alferce.pt\/index.php?rest_route=%2Fwp%2Fv2%2Fmedia&parent=2489"}],"curies":[{"name":"wp","href":"https:\/\/api.w.org\/{rel}","templated":true}]}}