{"id":2499,"date":"2026-04-15T15:17:27","date_gmt":"2026-04-15T14:17:27","guid":{"rendered":"https:\/\/jf-alferce.pt\/?page_id=2499"},"modified":"2026-04-15T15:17:27","modified_gmt":"2026-04-15T14:17:27","slug":"recinto-de-festas","status":"publish","type":"page","link":"https:\/\/jf-alferce.pt\/?page_id=2499","title":{"rendered":"Recinto de Festas"},"content":{"rendered":"\t\t<div data-elementor-type=\"wp-page\" data-elementor-id=\"2499\" class=\"elementor elementor-2499\" data-elementor-post-type=\"page\">\n\t\t\t\t\t\t<section class=\"elementor-section elementor-top-section elementor-element elementor-element-9991ba9 elementor-section-boxed elementor-section-height-default elementor-section-height-default\" data-id=\"9991ba9\" data-element_type=\"section\" data-settings=\"{&quot;jet_parallax_layout_list&quot;:[]}\">\n\t\t\t\t\t\t<div class=\"elementor-container elementor-column-gap-default\">\n\t\t\t\t\t<div class=\"elementor-column elementor-col-100 elementor-top-column elementor-element elementor-element-df0b372\" data-id=\"df0b372\" data-element_type=\"column\">\n\t\t\t<div class=\"elementor-widget-wrap elementor-element-populated\">\n\t\t\t\t\t\t<div class=\"elementor-element elementor-element-c4d6c5e elementor-widget elementor-widget-spacer\" data-id=\"c4d6c5e\" data-element_type=\"widget\" data-widget_type=\"spacer.default\">\n\t\t\t\t<div class=\"elementor-widget-container\">\n\t\t\t\t\t<div class=\"elementor-spacer\">\n\t\t\t<div class=\"elementor-spacer-inner\"><\/div>\n\t\t<\/div>\n\t\t\t\t<\/div>\n\t\t\t\t<\/div>\n\t\t\t\t\t<\/div>\n\t\t<\/div>\n\t\t\t\t\t<\/div>\n\t\t<\/section>\n\t\t\t\t<section class=\"elementor-section elementor-top-section elementor-element elementor-element-49d3bf5 elementor-section-boxed elementor-section-height-default elementor-section-height-default\" data-id=\"49d3bf5\" data-element_type=\"section\" data-settings=\"{&quot;jet_parallax_layout_list&quot;:[]}\">\n\t\t\t\t\t\t<div class=\"elementor-container elementor-column-gap-default\">\n\t\t\t\t\t<div class=\"elementor-column elementor-col-100 elementor-top-column elementor-element elementor-element-b8877ab\" data-id=\"b8877ab\" data-element_type=\"column\">\n\t\t\t<div class=\"elementor-widget-wrap elementor-element-populated\">\n\t\t\t\t\t\t<div class=\"elementor-element elementor-element-f220603 elementor-widget__width-initial elementor-widget elementor-widget-image\" data-id=\"f220603\" data-element_type=\"widget\" data-widget_type=\"image.default\">\n\t\t\t\t<div class=\"elementor-widget-container\">\n\t\t\t\t\t\t\t\t\t\t\t\t\t<img fetchpriority=\"high\" decoding=\"async\" width=\"800\" height=\"452\" src=\"https:\/\/jf-alferce.pt\/wp-content\/uploads\/2026\/04\/recinto-festas-alferce-1024x578.jpeg\" class=\"attachment-large size-large wp-image-2644\" alt=\"\" srcset=\"https:\/\/jf-alferce.pt\/wp-content\/uploads\/2026\/04\/recinto-festas-alferce-1024x578.jpeg 1024w, https:\/\/jf-alferce.pt\/wp-content\/uploads\/2026\/04\/recinto-festas-alferce-300x169.jpeg 300w, https:\/\/jf-alferce.pt\/wp-content\/uploads\/2026\/04\/recinto-festas-alferce-768x433.jpeg 768w, https:\/\/jf-alferce.pt\/wp-content\/uploads\/2026\/04\/recinto-festas-alferce-1536x866.jpeg 1536w, https:\/\/jf-alferce.pt\/wp-content\/uploads\/2026\/04\/recinto-festas-alferce.jpeg 2000w\" sizes=\"(max-width: 800px) 100vw, 800px\" \/>\t\t\t\t\t\t\t\t\t\t\t\t\t<\/div>\n\t\t\t\t<\/div>\n\t\t\t\t\t<\/div>\n\t\t<\/div>\n\t\t\t\t\t<\/div>\n\t\t<\/section>\n\t\t\t\t<section class=\"elementor-section elementor-top-section elementor-element elementor-element-8afbc18 elementor-section-boxed elementor-section-height-default elementor-section-height-default\" data-id=\"8afbc18\" data-element_type=\"section\" data-settings=\"{&quot;jet_parallax_layout_list&quot;:[]}\">\n\t\t\t\t\t\t<div class=\"elementor-container elementor-column-gap-default\">\n\t\t\t\t\t<div class=\"elementor-column elementor-col-100 elementor-top-column elementor-element elementor-element-951abe9\" data-id=\"951abe9\" data-element_type=\"column\">\n\t\t\t<div class=\"elementor-widget-wrap elementor-element-populated\">\n\t\t\t\t\t\t<div class=\"elementor-element elementor-element-cc1ef15 elementor-widget elementor-widget-spacer\" data-id=\"cc1ef15\" data-element_type=\"widget\" data-widget_type=\"spacer.default\">\n\t\t\t\t<div class=\"elementor-widget-container\">\n\t\t\t\t\t<div class=\"elementor-spacer\">\n\t\t\t<div class=\"elementor-spacer-inner\"><\/div>\n\t\t<\/div>\n\t\t\t\t<\/div>\n\t\t\t\t<\/div>\n\t\t\t\t\t<\/div>\n\t\t<\/div>\n\t\t\t\t\t<\/div>\n\t\t<\/section>\n\t\t\t\t<section class=\"elementor-section elementor-top-section elementor-element elementor-element-2cf6379 elementor-section-boxed elementor-section-height-default elementor-section-height-default\" data-id=\"2cf6379\" data-element_type=\"section\" data-settings=\"{&quot;jet_parallax_layout_list&quot;:[]}\">\n\t\t\t\t\t\t<div class=\"elementor-container elementor-column-gap-default\">\n\t\t\t\t\t<div class=\"elementor-column elementor-col-100 elementor-top-column elementor-element elementor-element-9d00a84\" data-id=\"9d00a84\" data-element_type=\"column\">\n\t\t\t<div class=\"elementor-widget-wrap elementor-element-populated\">\n\t\t\t\t\t\t<div class=\"elementor-element elementor-element-cb08e5f elementor-widget elementor-widget-text-editor\" data-id=\"cb08e5f\" data-element_type=\"widget\" data-widget_type=\"text-editor.default\">\n\t\t\t\t<div class=\"elementor-widget-container\">\n\t\t\t\t\t\t\t<p>O Recinto de Festas de Alferce \u00e9 um espa\u00e7o p\u00fablico destinado \u00e0 realiza\u00e7\u00e3o de eventos festivos, culturais e recreativos. Pela sua versatilidade, o espa\u00e7o permite a montagem de palcos, estruturas de apoio e zonas de conv\u00edvio, adaptando-se \u00e0s necessidades de diferentes tipos de eventos.<\/p><p>\u00a0<\/p><p>Tradicionalmente associado \u00e0s festas populares, romarias, celebra\u00e7\u00f5es religiosas e eventos culturais, o Recinto de Festas \u00e9 um ponto de encontro privilegiado para a popula\u00e7\u00e3o local e para os visitantes.<\/p><p>\u00a0<\/p><p>No Recinto de Festas \u00e9 poss\u00edvel admirar um painel executado em azulejo tradicional portugu\u00eas que reflete o passado rural de Alferce.<\/p><p>\u00a0<\/p><p>A gest\u00e3o e manuten\u00e7\u00e3o do Recinto de Festas de Alferce s\u00e3o asseguradas pela Junta de Freguesia de Alferce, garantindo condi\u00e7\u00f5es adequadas de seguran\u00e7a e organiza\u00e7\u00e3o. Para verificar disponibilidade, sugerimos que contacte os servi\u00e7os da Junta de Freguesia.<\/p>\t\t\t\t\t\t<\/div>\n\t\t\t\t<\/div>\n\t\t\t\t\t<\/div>\n\t\t<\/div>\n\t\t\t\t\t<\/div>\n\t\t<\/section>\n\t\t\t\t<section class=\"elementor-section elementor-top-section elementor-element elementor-element-2946908 elementor-section-boxed elementor-section-height-default elementor-section-height-default\" data-id=\"2946908\" data-element_type=\"section\" data-settings=\"{&quot;jet_parallax_layout_list&quot;:[]}\">\n\t\t\t\t\t\t<div class=\"elementor-container elementor-column-gap-default\">\n\t\t\t\t\t<div class=\"elementor-column elementor-col-100 elementor-top-column elementor-element elementor-element-fd844df\" data-id=\"fd844df\" data-element_type=\"column\">\n\t\t\t<div class=\"elementor-widget-wrap elementor-element-populated\">\n\t\t\t\t\t\t<div class=\"elementor-element elementor-element-0c9362b elementor-widget elementor-widget-spacer\" data-id=\"0c9362b\" data-element_type=\"widget\" data-widget_type=\"spacer.default\">\n\t\t\t\t<div class=\"elementor-widget-container\">\n\t\t\t\t\t<div class=\"elementor-spacer\">\n\t\t\t<div class=\"elementor-spacer-inner\"><\/div>\n\t\t<\/div>\n\t\t\t\t<\/div>\n\t\t\t\t<\/div>\n\t\t\t\t\t<\/div>\n\t\t<\/div>\n\t\t\t\t\t<\/div>\n\t\t<\/section>\n\t\t\t\t<\/div>\n\t\t","protected":false},"excerpt":{"rendered":"<p>O Recinto de Festas de Alferce \u00e9 um espa\u00e7o p\u00fablico destinado \u00e0 realiza\u00e7\u00e3o de eventos festivos, culturais e recreativos. Pela sua versatilidade, o espa\u00e7o permite a montagem de palcos, estruturas de apoio e zonas de conv\u00edvio, adaptando-se \u00e0s necessidades de diferentes tipos de eventos. Tradicionalmente associado \u00e0s festas populares, romarias, celebra\u00e7\u00f5es religiosas e eventos culturais, [&hellip;]<\/p>\n","protected":false},"author":2,"featured_media":0,"parent":489,"menu_order":0,"comment_status":"closed","ping_status":"closed","template":"","meta":{"footnotes":""},"class_list":["post-2499","page","type-page","status-publish","hentry"],"_links":{"self":[{"href":"https:\/\/jf-alferce.pt\/index.php?rest_route=\/wp\/v2\/pages\/2499","targetHints":{"allow":["GET"]}}],"collection":[{"href":"https:\/\/jf-alferce.pt\/index.php?rest_route=\/wp\/v2\/pages"}],"about":[{"href":"https:\/\/jf-alferce.pt\/index.php?rest_route=\/wp\/v2\/types\/page"}],"author":[{"embeddable":true,"href":"https:\/\/jf-alferce.pt\/index.php?rest_route=\/wp\/v2\/users\/2"}],"replies":[{"embeddable":true,"href":"https:\/\/jf-alferce.pt\/index.php?rest_route=%2Fwp%2Fv2%2Fcomments&post=2499"}],"version-history":[{"count":8,"href":"https:\/\/jf-alferce.pt\/index.php?rest_route=\/wp\/v2\/pages\/2499\/revisions"}],"predecessor-version":[{"id":2717,"href":"https:\/\/jf-alferce.pt\/index.php?rest_route=\/wp\/v2\/pages\/2499\/revisions\/2717"}],"up":[{"embeddable":true,"href":"https:\/\/jf-alferce.pt\/index.php?rest_route=\/wp\/v2\/pages\/489"}],"wp:attachment":[{"href":"https:\/\/jf-alferce.pt\/index.php?rest_route=%2Fwp%2Fv2%2Fmedia&parent=2499"}],"curies":[{"name":"wp","href":"https:\/\/api.w.org\/{rel}","templated":true}]}}