{"id":2518,"date":"2026-04-15T15:28:52","date_gmt":"2026-04-15T14:28:52","guid":{"rendered":"https:\/\/jf-alferce.pt\/?page_id=2518"},"modified":"2026-04-15T15:28:52","modified_gmt":"2026-04-15T14:28:52","slug":"centro-interpretativo-do-cerro-do-castelo-de-alferce","status":"publish","type":"page","link":"https:\/\/jf-alferce.pt\/?page_id=2518","title":{"rendered":"Centro Interpretativo do Cerro do Castelo de Alferce"},"content":{"rendered":"\t\t<div data-elementor-type=\"wp-page\" data-elementor-id=\"2518\" class=\"elementor elementor-2518\" data-elementor-post-type=\"page\">\n\t\t\t\t\t\t<section class=\"elementor-section elementor-top-section elementor-element elementor-element-8866986 elementor-section-boxed elementor-section-height-default elementor-section-height-default\" data-id=\"8866986\" data-element_type=\"section\" data-settings=\"{&quot;jet_parallax_layout_list&quot;:[]}\">\n\t\t\t\t\t\t<div class=\"elementor-container elementor-column-gap-default\">\n\t\t\t\t\t<div class=\"elementor-column elementor-col-100 elementor-top-column elementor-element elementor-element-130ac52\" data-id=\"130ac52\" data-element_type=\"column\">\n\t\t\t<div class=\"elementor-widget-wrap elementor-element-populated\">\n\t\t\t\t\t\t<div class=\"elementor-element elementor-element-6d828b4 elementor-widget elementor-widget-spacer\" data-id=\"6d828b4\" data-element_type=\"widget\" data-widget_type=\"spacer.default\">\n\t\t\t\t<div class=\"elementor-widget-container\">\n\t\t\t\t\t<div class=\"elementor-spacer\">\n\t\t\t<div class=\"elementor-spacer-inner\"><\/div>\n\t\t<\/div>\n\t\t\t\t<\/div>\n\t\t\t\t<\/div>\n\t\t\t\t\t<\/div>\n\t\t<\/div>\n\t\t\t\t\t<\/div>\n\t\t<\/section>\n\t\t\t\t<section class=\"elementor-section elementor-top-section elementor-element elementor-element-c009562 elementor-section-boxed elementor-section-height-default elementor-section-height-default\" data-id=\"c009562\" data-element_type=\"section\" data-settings=\"{&quot;jet_parallax_layout_list&quot;:[]}\">\n\t\t\t\t\t\t<div class=\"elementor-container elementor-column-gap-default\">\n\t\t\t\t\t<div class=\"elementor-column elementor-col-100 elementor-top-column elementor-element elementor-element-31d7b68\" data-id=\"31d7b68\" data-element_type=\"column\">\n\t\t\t<div class=\"elementor-widget-wrap elementor-element-populated\">\n\t\t\t\t\t\t<div class=\"elementor-element elementor-element-fd37552 elementor-widget elementor-widget-text-editor\" data-id=\"fd37552\" data-element_type=\"widget\" data-widget_type=\"text-editor.default\">\n\t\t\t\t<div class=\"elementor-widget-container\">\n\t\t\t\t\t\t\t<p>O CICCA \u00e9 um espa\u00e7o museol\u00f3gico dedicado \u00e0 interpreta\u00e7\u00e3o arqueol\u00f3gica e hist\u00f3rica do Cerro do Castelo, um importante s\u00edtio fortificado com vest\u00edgios de ocupa\u00e7\u00e3o humana desde a Idade do Bronze e durante o per\u00edodo isl\u00e2mico.<\/p><p>\u00a0<\/p><p>Concebido como centro de interpreta\u00e7\u00e3o, o CICCA disponibiliza uma exposi\u00e7\u00e3o permanente que permite aos visitantes conhecer o passado da povoa\u00e7\u00e3o e o contexto hist\u00f3rico e cultural da regi\u00e3o. O espa\u00e7o combina pain\u00e9is informativos, maquetes, recria\u00e7\u00f5es digitais e objetos arqueol\u00f3gicos encontrados durante as escava\u00e7\u00f5es, criando uma experi\u00eancia educativa e envolvente para todos os p\u00fablicos.<\/p><p>\u00a0<\/p><p>Al\u00e9m da sua fun\u00e7\u00e3o de divulga\u00e7\u00e3o do patrim\u00f3nio arqueol\u00f3gico, o CICCA serve como ponto de apoio ao turismo cultural da freguesia, integrando-se em itiner\u00e1rios locais que incluem o Cerro do Castelo, trilhos pedestres, pontos de interesse natural e outros elementos do patrim\u00f3nio material e imaterial de Alferce.<\/p><p>\u00a0<\/p><p>O CICCA \u00e9 gerido pela Junta de Freguesia de Alferce e est\u00e1 dispon\u00edvel para visitas de grupos, apenas com marca\u00e7\u00e3o pr\u00e9via, \u00e0s ter\u00e7as e quintas-feiras entre as 10h00 e as 12h00.<\/p>\t\t\t\t\t\t<\/div>\n\t\t\t\t<\/div>\n\t\t\t\t\t<\/div>\n\t\t<\/div>\n\t\t\t\t\t<\/div>\n\t\t<\/section>\n\t\t\t\t<section class=\"elementor-section elementor-top-section elementor-element elementor-element-ae16bf2 elementor-section-boxed elementor-section-height-default elementor-section-height-default\" data-id=\"ae16bf2\" data-element_type=\"section\" data-settings=\"{&quot;jet_parallax_layout_list&quot;:[]}\">\n\t\t\t\t\t\t<div class=\"elementor-container elementor-column-gap-default\">\n\t\t\t\t\t<div class=\"elementor-column elementor-col-100 elementor-top-column elementor-element elementor-element-fffb479\" data-id=\"fffb479\" data-element_type=\"column\">\n\t\t\t<div class=\"elementor-widget-wrap elementor-element-populated\">\n\t\t\t\t\t\t<div class=\"elementor-element elementor-element-6fb27dc elementor-widget elementor-widget-spacer\" data-id=\"6fb27dc\" data-element_type=\"widget\" data-widget_type=\"spacer.default\">\n\t\t\t\t<div class=\"elementor-widget-container\">\n\t\t\t\t\t<div class=\"elementor-spacer\">\n\t\t\t<div class=\"elementor-spacer-inner\"><\/div>\n\t\t<\/div>\n\t\t\t\t<\/div>\n\t\t\t\t<\/div>\n\t\t\t\t\t<\/div>\n\t\t<\/div>\n\t\t\t\t\t<\/div>\n\t\t<\/section>\n\t\t\t\t<section class=\"elementor-section elementor-top-section elementor-element elementor-element-855dfd1 elementor-section-boxed elementor-section-height-default elementor-section-height-default\" data-id=\"855dfd1\" data-element_type=\"section\" data-settings=\"{&quot;jet_parallax_layout_list&quot;:[]}\">\n\t\t\t\t\t\t<div class=\"elementor-container elementor-column-gap-default\">\n\t\t\t\t\t<div class=\"elementor-column elementor-col-100 elementor-top-column elementor-element elementor-element-b9cbd77\" data-id=\"b9cbd77\" data-element_type=\"column\">\n\t\t\t<div class=\"elementor-widget-wrap elementor-element-populated\">\n\t\t\t\t\t\t<div class=\"elementor-element elementor-element-30ac6bb elementor-arrows-position-inside elementor-pagination-position-outside elementor-widget elementor-widget-image-carousel\" data-id=\"30ac6bb\" data-element_type=\"widget\" data-settings=\"{&quot;navigation&quot;:&quot;both&quot;,&quot;autoplay&quot;:&quot;yes&quot;,&quot;pause_on_hover&quot;:&quot;yes&quot;,&quot;pause_on_interaction&quot;:&quot;yes&quot;,&quot;autoplay_speed&quot;:5000,&quot;infinite&quot;:&quot;yes&quot;,&quot;speed&quot;:500}\" data-widget_type=\"image-carousel.default\">\n\t\t\t\t<div class=\"elementor-widget-container\">\n\t\t\t\t\t<div class=\"elementor-image-carousel-wrapper swiper\" dir=\"ltr\">\n\t\t\t<div class=\"elementor-image-carousel swiper-wrapper\" aria-live=\"off\">\n\t\t\t\t\t\t\t\t<div class=\"swiper-slide\" role=\"group\" aria-roledescription=\"slide\" aria-label=\"1 of 4\"><figure class=\"swiper-slide-inner\"><img decoding=\"async\" class=\"swiper-slide-image\" src=\"https:\/\/jf-alferce.pt\/wp-content\/uploads\/2026\/04\/Centro_Interpretativo_Cerro_Castelo_Alferce_Fotos-005-768x512.jpg\" alt=\"Fachada CICCA\" \/><\/figure><\/div><div class=\"swiper-slide\" role=\"group\" aria-roledescription=\"slide\" aria-label=\"2 of 4\"><figure class=\"swiper-slide-inner\"><img decoding=\"async\" class=\"swiper-slide-image\" src=\"https:\/\/jf-alferce.pt\/wp-content\/uploads\/2026\/04\/Centro_Interpretativo_Cerro_Castelo_Alferce_Fotos-018-768x512.jpg\" alt=\"CICCA - Utens\u00edlios etnogr\u00e1ficos\" \/><\/figure><\/div><div class=\"swiper-slide\" role=\"group\" aria-roledescription=\"slide\" aria-label=\"3 of 4\"><figure class=\"swiper-slide-inner\"><img decoding=\"async\" class=\"swiper-slide-image\" src=\"https:\/\/jf-alferce.pt\/wp-content\/uploads\/2026\/04\/Centro_Interpretativo_Cerro_Castelo_Alferce_Fotos-021-768x512.jpg\" alt=\"CICCA - Artefactos Isl\u00e2micos\" \/><\/figure><\/div><div class=\"swiper-slide\" role=\"group\" aria-roledescription=\"slide\" aria-label=\"4 of 4\"><figure class=\"swiper-slide-inner\"><img decoding=\"async\" class=\"swiper-slide-image\" src=\"https:\/\/jf-alferce.pt\/wp-content\/uploads\/2026\/04\/Centro_Interpretativo_Cerro_Castelo_Alferce_Fotos-026-768x512.jpg\" alt=\"CICCA - Jogo\" \/><\/figure><\/div>\t\t\t<\/div>\n\t\t\t\t\t\t\t\t\t\t\t\t<div class=\"elementor-swiper-button elementor-swiper-button-prev\" role=\"button\" tabindex=\"0\">\n\t\t\t\t\t\t<i aria-hidden=\"true\" class=\"eicon-chevron-left\"><\/i>\t\t\t\t\t<\/div>\n\t\t\t\t\t<div class=\"elementor-swiper-button elementor-swiper-button-next\" role=\"button\" tabindex=\"0\">\n\t\t\t\t\t\t<i aria-hidden=\"true\" class=\"eicon-chevron-right\"><\/i>\t\t\t\t\t<\/div>\n\t\t\t\t\n\t\t\t\t\t\t\t\t\t<div class=\"swiper-pagination\"><\/div>\n\t\t\t\t\t\t\t\t\t<\/div>\n\t\t\t\t<\/div>\n\t\t\t\t<\/div>\n\t\t\t\t\t<\/div>\n\t\t<\/div>\n\t\t\t\t\t<\/div>\n\t\t<\/section>\n\t\t\t\t<section class=\"elementor-section elementor-top-section elementor-element elementor-element-ed73486 elementor-section-boxed elementor-section-height-default elementor-section-height-default\" data-id=\"ed73486\" data-element_type=\"section\" data-settings=\"{&quot;jet_parallax_layout_list&quot;:[]}\">\n\t\t\t\t\t\t<div class=\"elementor-container elementor-column-gap-default\">\n\t\t\t\t\t<div class=\"elementor-column elementor-col-100 elementor-top-column elementor-element elementor-element-3f8a160\" data-id=\"3f8a160\" data-element_type=\"column\">\n\t\t\t<div class=\"elementor-widget-wrap elementor-element-populated\">\n\t\t\t\t\t\t<div class=\"elementor-element elementor-element-3ce81e3 elementor-widget elementor-widget-spacer\" data-id=\"3ce81e3\" data-element_type=\"widget\" data-widget_type=\"spacer.default\">\n\t\t\t\t<div class=\"elementor-widget-container\">\n\t\t\t\t\t<div class=\"elementor-spacer\">\n\t\t\t<div class=\"elementor-spacer-inner\"><\/div>\n\t\t<\/div>\n\t\t\t\t<\/div>\n\t\t\t\t<\/div>\n\t\t\t\t\t<\/div>\n\t\t<\/div>\n\t\t\t\t\t<\/div>\n\t\t<\/section>\n\t\t\t\t<\/div>\n\t\t","protected":false},"excerpt":{"rendered":"<p>O CICCA \u00e9 um espa\u00e7o museol\u00f3gico dedicado \u00e0 interpreta\u00e7\u00e3o arqueol\u00f3gica e hist\u00f3rica do Cerro do Castelo, um importante s\u00edtio fortificado com vest\u00edgios de ocupa\u00e7\u00e3o humana desde a Idade do Bronze e durante o per\u00edodo isl\u00e2mico. Concebido como centro de interpreta\u00e7\u00e3o, o CICCA disponibiliza uma exposi\u00e7\u00e3o permanente que permite aos visitantes conhecer o passado da povoa\u00e7\u00e3o [&hellip;]<\/p>\n","protected":false},"author":2,"featured_media":0,"parent":744,"menu_order":0,"comment_status":"closed","ping_status":"closed","template":"","meta":{"footnotes":""},"class_list":["post-2518","page","type-page","status-publish","hentry"],"_links":{"self":[{"href":"https:\/\/jf-alferce.pt\/index.php?rest_route=\/wp\/v2\/pages\/2518","targetHints":{"allow":["GET"]}}],"collection":[{"href":"https:\/\/jf-alferce.pt\/index.php?rest_route=\/wp\/v2\/pages"}],"about":[{"href":"https:\/\/jf-alferce.pt\/index.php?rest_route=\/wp\/v2\/types\/page"}],"author":[{"embeddable":true,"href":"https:\/\/jf-alferce.pt\/index.php?rest_route=\/wp\/v2\/users\/2"}],"replies":[{"embeddable":true,"href":"https:\/\/jf-alferce.pt\/index.php?rest_route=%2Fwp%2Fv2%2Fcomments&post=2518"}],"version-history":[{"count":5,"href":"https:\/\/jf-alferce.pt\/index.php?rest_route=\/wp\/v2\/pages\/2518\/revisions"}],"predecessor-version":[{"id":2724,"href":"https:\/\/jf-alferce.pt\/index.php?rest_route=\/wp\/v2\/pages\/2518\/revisions\/2724"}],"up":[{"embeddable":true,"href":"https:\/\/jf-alferce.pt\/index.php?rest_route=\/wp\/v2\/pages\/744"}],"wp:attachment":[{"href":"https:\/\/jf-alferce.pt\/index.php?rest_route=%2Fwp%2Fv2%2Fmedia&parent=2518"}],"curies":[{"name":"wp","href":"https:\/\/api.w.org\/{rel}","templated":true}]}}