{"id":2566,"date":"2026-04-15T15:33:01","date_gmt":"2026-04-15T14:33:01","guid":{"rendered":"https:\/\/jf-alferce.pt\/?page_id=2566"},"modified":"2026-04-15T15:33:01","modified_gmt":"2026-04-15T14:33:01","slug":"igreja-de-sao-romao-de-alferce","status":"publish","type":"page","link":"https:\/\/jf-alferce.pt\/?page_id=2566","title":{"rendered":"Igreja de S\u00e3o Rom\u00e3o de Alferce"},"content":{"rendered":"\t\t<div data-elementor-type=\"wp-page\" data-elementor-id=\"2566\" class=\"elementor elementor-2566\" data-elementor-post-type=\"page\">\n\t\t\t\t\t\t<section class=\"elementor-section elementor-top-section elementor-element elementor-element-8866986 elementor-section-boxed elementor-section-height-default elementor-section-height-default\" data-id=\"8866986\" data-element_type=\"section\" data-settings=\"{&quot;jet_parallax_layout_list&quot;:[]}\">\n\t\t\t\t\t\t<div class=\"elementor-container elementor-column-gap-default\">\n\t\t\t\t\t<div class=\"elementor-column elementor-col-100 elementor-top-column elementor-element elementor-element-130ac52\" data-id=\"130ac52\" data-element_type=\"column\">\n\t\t\t<div class=\"elementor-widget-wrap elementor-element-populated\">\n\t\t\t\t\t\t<div class=\"elementor-element elementor-element-6d828b4 elementor-widget elementor-widget-spacer\" data-id=\"6d828b4\" data-element_type=\"widget\" data-widget_type=\"spacer.default\">\n\t\t\t\t<div class=\"elementor-widget-container\">\n\t\t\t\t\t<div class=\"elementor-spacer\">\n\t\t\t<div class=\"elementor-spacer-inner\"><\/div>\n\t\t<\/div>\n\t\t\t\t<\/div>\n\t\t\t\t<\/div>\n\t\t\t\t\t<\/div>\n\t\t<\/div>\n\t\t\t\t\t<\/div>\n\t\t<\/section>\n\t\t\t\t<section class=\"elementor-section elementor-top-section elementor-element elementor-element-c009562 elementor-section-boxed elementor-section-height-default elementor-section-height-default\" data-id=\"c009562\" data-element_type=\"section\" data-settings=\"{&quot;jet_parallax_layout_list&quot;:[]}\">\n\t\t\t\t\t\t<div class=\"elementor-container elementor-column-gap-default\">\n\t\t\t\t\t<div class=\"elementor-column elementor-col-100 elementor-top-column elementor-element elementor-element-31d7b68\" data-id=\"31d7b68\" data-element_type=\"column\">\n\t\t\t<div class=\"elementor-widget-wrap elementor-element-populated\">\n\t\t\t\t\t\t<div class=\"elementor-element elementor-element-fd37552 elementor-widget elementor-widget-text-editor\" data-id=\"fd37552\" data-element_type=\"widget\" data-widget_type=\"text-editor.default\">\n\t\t\t\t<div class=\"elementor-widget-container\">\n\t\t\t\t\t\t\t<p>A Igreja de S\u00e3o Rom\u00e3o, situada no centro da aldeia de Alferce, \u00e9 um dos principais marcos do patrim\u00f3nio hist\u00f3rico, religioso e identit\u00e1rio da freguesia. Para al\u00e9m da sua fun\u00e7\u00e3o espiritual, a igreja tem sido, ao longo dos s\u00e9culos, um importante ponto de encontro da comunidade, acompanhando a evolu\u00e7\u00e3o da povoa\u00e7\u00e3o e da vida social local.<\/p>\t\t\t\t\t\t<\/div>\n\t\t\t\t<\/div>\n\t\t\t\t\t<\/div>\n\t\t<\/div>\n\t\t\t\t\t<\/div>\n\t\t<\/section>\n\t\t\t\t<section class=\"elementor-section elementor-top-section elementor-element elementor-element-ae16bf2 elementor-section-boxed elementor-section-height-default elementor-section-height-default\" data-id=\"ae16bf2\" data-element_type=\"section\" data-settings=\"{&quot;jet_parallax_layout_list&quot;:[]}\">\n\t\t\t\t\t\t<div class=\"elementor-container elementor-column-gap-default\">\n\t\t\t\t\t<div class=\"elementor-column elementor-col-100 elementor-top-column elementor-element elementor-element-fffb479\" data-id=\"fffb479\" data-element_type=\"column\">\n\t\t\t<div class=\"elementor-widget-wrap elementor-element-populated\">\n\t\t\t\t\t\t<div class=\"elementor-element elementor-element-6fb27dc elementor-widget elementor-widget-spacer\" data-id=\"6fb27dc\" data-element_type=\"widget\" data-widget_type=\"spacer.default\">\n\t\t\t\t<div class=\"elementor-widget-container\">\n\t\t\t\t\t<div class=\"elementor-spacer\">\n\t\t\t<div class=\"elementor-spacer-inner\"><\/div>\n\t\t<\/div>\n\t\t\t\t<\/div>\n\t\t\t\t<\/div>\n\t\t\t\t\t<\/div>\n\t\t<\/div>\n\t\t\t\t\t<\/div>\n\t\t<\/section>\n\t\t\t\t<section class=\"elementor-section elementor-top-section elementor-element elementor-element-ee2c5cc elementor-section-boxed elementor-section-height-default elementor-section-height-default\" data-id=\"ee2c5cc\" data-element_type=\"section\" data-settings=\"{&quot;jet_parallax_layout_list&quot;:[]}\">\n\t\t\t\t\t\t<div class=\"elementor-container elementor-column-gap-default\">\n\t\t\t\t\t<div class=\"elementor-column elementor-col-100 elementor-top-column elementor-element elementor-element-0666885\" data-id=\"0666885\" data-element_type=\"column\">\n\t\t\t<div class=\"elementor-widget-wrap elementor-element-populated\">\n\t\t\t\t\t\t<div class=\"elementor-element elementor-element-866164a elementor-widget elementor-widget-image\" data-id=\"866164a\" data-element_type=\"widget\" data-widget_type=\"image.default\">\n\t\t\t\t<div class=\"elementor-widget-container\">\n\t\t\t\t\t\t\t\t\t\t<figure class=\"wp-caption\">\n\t\t\t\t\t\t\t\t\t\t<img fetchpriority=\"high\" decoding=\"async\" width=\"800\" height=\"599\" src=\"https:\/\/jf-alferce.pt\/wp-content\/uploads\/2026\/04\/ALFERCE-1-1024x767.jpg\" class=\"attachment-large size-large wp-image-2571\" alt=\"\" srcset=\"https:\/\/jf-alferce.pt\/wp-content\/uploads\/2026\/04\/ALFERCE-1-1024x767.jpg 1024w, https:\/\/jf-alferce.pt\/wp-content\/uploads\/2026\/04\/ALFERCE-1-300x225.jpg 300w, https:\/\/jf-alferce.pt\/wp-content\/uploads\/2026\/04\/ALFERCE-1-768x576.jpg 768w, https:\/\/jf-alferce.pt\/wp-content\/uploads\/2026\/04\/ALFERCE-1-1536x1151.jpg 1536w, https:\/\/jf-alferce.pt\/wp-content\/uploads\/2026\/04\/ALFERCE-1-2048x1535.jpg 2048w\" sizes=\"(max-width: 800px) 100vw, 800px\" \/>\t\t\t\t\t\t\t\t\t\t\t<figcaption class=\"widget-image-caption wp-caption-text\">Vista a\u00e9rea da Igreja de S\u00e3o Rom\u00e3o<\/figcaption>\n\t\t\t\t\t\t\t\t\t\t<\/figure>\n\t\t\t\t\t\t\t<\/div>\n\t\t\t\t<\/div>\n\t\t\t\t\t<\/div>\n\t\t<\/div>\n\t\t\t\t\t<\/div>\n\t\t<\/section>\n\t\t\t\t<section class=\"elementor-section elementor-top-section elementor-element elementor-element-f5c42ab elementor-section-boxed elementor-section-height-default elementor-section-height-default\" data-id=\"f5c42ab\" data-element_type=\"section\" data-settings=\"{&quot;jet_parallax_layout_list&quot;:[]}\">\n\t\t\t\t\t\t<div class=\"elementor-container elementor-column-gap-default\">\n\t\t\t\t\t<div class=\"elementor-column elementor-col-100 elementor-top-column elementor-element elementor-element-a547616\" data-id=\"a547616\" data-element_type=\"column\">\n\t\t\t<div class=\"elementor-widget-wrap elementor-element-populated\">\n\t\t\t\t\t\t<div class=\"elementor-element elementor-element-f452d88 elementor-widget elementor-widget-spacer\" data-id=\"f452d88\" data-element_type=\"widget\" data-widget_type=\"spacer.default\">\n\t\t\t\t<div class=\"elementor-widget-container\">\n\t\t\t\t\t<div class=\"elementor-spacer\">\n\t\t\t<div class=\"elementor-spacer-inner\"><\/div>\n\t\t<\/div>\n\t\t\t\t<\/div>\n\t\t\t\t<\/div>\n\t\t\t\t\t<\/div>\n\t\t<\/div>\n\t\t\t\t\t<\/div>\n\t\t<\/section>\n\t\t\t\t<section class=\"elementor-section elementor-top-section elementor-element elementor-element-3f5c701 elementor-section-boxed elementor-section-height-default elementor-section-height-default\" data-id=\"3f5c701\" data-element_type=\"section\" data-settings=\"{&quot;jet_parallax_layout_list&quot;:[]}\">\n\t\t\t\t\t\t<div class=\"elementor-container elementor-column-gap-default\">\n\t\t\t\t\t<div class=\"elementor-column elementor-col-100 elementor-top-column elementor-element elementor-element-8b45614\" data-id=\"8b45614\" data-element_type=\"column\">\n\t\t\t<div class=\"elementor-widget-wrap elementor-element-populated\">\n\t\t\t\t\t\t<div class=\"elementor-element elementor-element-e23acc1 elementor-widget elementor-widget-heading\" data-id=\"e23acc1\" data-element_type=\"widget\" data-widget_type=\"heading.default\">\n\t\t\t\t<div class=\"elementor-widget-container\">\n\t\t\t<h2 class=\"elementor-heading-title elementor-size-default\">Origem e Enquadramento Hist\u00f3rico<\/h2>\t\t<\/div>\n\t\t\t\t<\/div>\n\t\t\t\t\t<\/div>\n\t\t<\/div>\n\t\t\t\t\t<\/div>\n\t\t<\/section>\n\t\t\t\t<section class=\"elementor-section elementor-top-section elementor-element elementor-element-c614244 elementor-section-boxed elementor-section-height-default elementor-section-height-default\" data-id=\"c614244\" data-element_type=\"section\" data-settings=\"{&quot;jet_parallax_layout_list&quot;:[]}\">\n\t\t\t\t\t\t<div class=\"elementor-container elementor-column-gap-default\">\n\t\t\t\t\t<div class=\"elementor-column elementor-col-100 elementor-top-column elementor-element elementor-element-23f6aaf\" data-id=\"23f6aaf\" data-element_type=\"column\">\n\t\t\t<div class=\"elementor-widget-wrap elementor-element-populated\">\n\t\t\t\t\t\t<div class=\"elementor-element elementor-element-c9caf65 elementor-widget elementor-widget-text-editor\" data-id=\"c9caf65\" data-element_type=\"widget\" data-widget_type=\"text-editor.default\">\n\t\t\t\t<div class=\"elementor-widget-container\">\n\t\t\t\t\t\t\t<p>Embora a data exata da sua funda\u00e7\u00e3o n\u00e3o esteja totalmente documentada, a Igreja de S\u00e3o Rom\u00e3o ter\u00e1 origem medieval, tendo sofrido reconstru\u00e7\u00f5es e adapta\u00e7\u00f5es ao longo dos s\u00e9culos, em particular ap\u00f3s o per\u00edodo da Reconquista Crist\u00e3 e durante a \u00c9poca Moderna. A sua exist\u00eancia reflete a consolida\u00e7\u00e3o de Alferce como n\u00facleo habitacional organizado e a afirma\u00e7\u00e3o do cristianismo no territ\u00f3rio serrano.<\/p><p>\u00a0<\/p><p>A igreja \u00e9 dedicada a S\u00e3o Rom\u00e3o, santo padroeiro de Alferce, tamb\u00e9m associado \u00e0 f\u00e9, \u00e0 perseveran\u00e7a e \u00e0 prote\u00e7\u00e3o das comunidades rurais, cuja devo\u00e7\u00e3o se enraizou profundamente na popula\u00e7\u00e3o local.<\/p>\t\t\t\t\t\t<\/div>\n\t\t\t\t<\/div>\n\t\t\t\t\t<\/div>\n\t\t<\/div>\n\t\t\t\t\t<\/div>\n\t\t<\/section>\n\t\t\t\t<section class=\"elementor-section elementor-top-section elementor-element elementor-element-71daf70 elementor-section-boxed elementor-section-height-default elementor-section-height-default\" data-id=\"71daf70\" data-element_type=\"section\" data-settings=\"{&quot;jet_parallax_layout_list&quot;:[]}\">\n\t\t\t\t\t\t<div class=\"elementor-container elementor-column-gap-default\">\n\t\t\t\t\t<div class=\"elementor-column elementor-col-100 elementor-top-column elementor-element elementor-element-36684be\" data-id=\"36684be\" data-element_type=\"column\">\n\t\t\t<div class=\"elementor-widget-wrap elementor-element-populated\">\n\t\t\t\t\t\t<div class=\"elementor-element elementor-element-e67af70 elementor-widget elementor-widget-spacer\" data-id=\"e67af70\" data-element_type=\"widget\" data-widget_type=\"spacer.default\">\n\t\t\t\t<div class=\"elementor-widget-container\">\n\t\t\t\t\t<div class=\"elementor-spacer\">\n\t\t\t<div class=\"elementor-spacer-inner\"><\/div>\n\t\t<\/div>\n\t\t\t\t<\/div>\n\t\t\t\t<\/div>\n\t\t\t\t\t<\/div>\n\t\t<\/div>\n\t\t\t\t\t<\/div>\n\t\t<\/section>\n\t\t\t\t<section class=\"elementor-section elementor-top-section elementor-element elementor-element-10dd8e8 elementor-section-boxed elementor-section-height-default elementor-section-height-default\" data-id=\"10dd8e8\" data-element_type=\"section\" data-settings=\"{&quot;jet_parallax_layout_list&quot;:[]}\">\n\t\t\t\t\t\t<div class=\"elementor-container elementor-column-gap-default\">\n\t\t\t\t\t<div class=\"elementor-column elementor-col-100 elementor-top-column elementor-element elementor-element-06eca45\" data-id=\"06eca45\" data-element_type=\"column\">\n\t\t\t<div class=\"elementor-widget-wrap elementor-element-populated\">\n\t\t\t\t\t\t<div class=\"elementor-element elementor-element-048ef81 elementor-widget elementor-widget-heading\" data-id=\"048ef81\" data-element_type=\"widget\" data-widget_type=\"heading.default\">\n\t\t\t\t<div class=\"elementor-widget-container\">\n\t\t\t<h2 class=\"elementor-heading-title elementor-size-default\">Arquitetura e Elementos Art\u00edsticos<\/h2>\t\t<\/div>\n\t\t\t\t<\/div>\n\t\t\t\t\t<\/div>\n\t\t<\/div>\n\t\t\t\t\t<\/div>\n\t\t<\/section>\n\t\t\t\t<section class=\"elementor-section elementor-top-section elementor-element elementor-element-b21834c elementor-section-boxed elementor-section-height-default elementor-section-height-default\" data-id=\"b21834c\" data-element_type=\"section\" data-settings=\"{&quot;jet_parallax_layout_list&quot;:[]}\">\n\t\t\t\t\t\t<div class=\"elementor-container elementor-column-gap-default\">\n\t\t\t\t\t<div class=\"elementor-column elementor-col-100 elementor-top-column elementor-element elementor-element-e8855e6\" data-id=\"e8855e6\" data-element_type=\"column\">\n\t\t\t<div class=\"elementor-widget-wrap elementor-element-populated\">\n\t\t\t\t\t\t<div class=\"elementor-element elementor-element-6629cd5 elementor-widget elementor-widget-text-editor\" data-id=\"6629cd5\" data-element_type=\"widget\" data-widget_type=\"text-editor.default\">\n\t\t\t\t<div class=\"elementor-widget-container\">\n\t\t\t\t\t\t\t<p>As investiga\u00e7\u00f5es arqueol\u00f3gicas realizadas no local revelam uma ocupa\u00e7\u00e3o humana cont\u00ednua e prolongada, que se estende desde a Pr\u00e9-hist\u00f3ria recente (Idade do Bronze) at\u00e9 ao per\u00edodo medieval isl\u00e2mico, entre os s\u00e9culos IX e XI.<\/p><p>\u00a0<\/p><p>Durante a Idade do Bronze, o cerro ter\u00e1 sido utilizado como local de abrigo e controlo do territ\u00f3rio por comunidades agro-pastoris. S\u00e9culos mais tarde, j\u00e1 em \u00e9poca isl\u00e2mica, o local foi transformado num povoado fortificado, integrado na rede defensiva do Algarve ocidental, desempenhando fun\u00e7\u00f5es de prote\u00e7\u00e3o das popula\u00e7\u00f5es rurais e das atividades econ\u00f3micas da regi\u00e3o.<\/p>\t\t\t\t\t\t<\/div>\n\t\t\t\t<\/div>\n\t\t\t\t\t<\/div>\n\t\t<\/div>\n\t\t\t\t\t<\/div>\n\t\t<\/section>\n\t\t\t\t<section class=\"elementor-section elementor-top-section elementor-element elementor-element-166b81d elementor-section-boxed elementor-section-height-default elementor-section-height-default\" data-id=\"166b81d\" data-element_type=\"section\" data-settings=\"{&quot;jet_parallax_layout_list&quot;:[]}\">\n\t\t\t\t\t\t<div class=\"elementor-container elementor-column-gap-default\">\n\t\t\t\t\t<div class=\"elementor-column elementor-col-100 elementor-top-column elementor-element elementor-element-6d66954\" data-id=\"6d66954\" data-element_type=\"column\">\n\t\t\t<div class=\"elementor-widget-wrap elementor-element-populated\">\n\t\t\t\t\t\t<div class=\"elementor-element elementor-element-690a8f6 elementor-widget elementor-widget-spacer\" data-id=\"690a8f6\" data-element_type=\"widget\" data-widget_type=\"spacer.default\">\n\t\t\t\t<div class=\"elementor-widget-container\">\n\t\t\t\t\t<div class=\"elementor-spacer\">\n\t\t\t<div class=\"elementor-spacer-inner\"><\/div>\n\t\t<\/div>\n\t\t\t\t<\/div>\n\t\t\t\t<\/div>\n\t\t\t\t\t<\/div>\n\t\t<\/div>\n\t\t\t\t\t<\/div>\n\t\t<\/section>\n\t\t\t\t<section class=\"elementor-section elementor-top-section elementor-element elementor-element-40009a5 elementor-section-boxed elementor-section-height-default elementor-section-height-default\" data-id=\"40009a5\" data-element_type=\"section\" data-settings=\"{&quot;jet_parallax_layout_list&quot;:[]}\">\n\t\t\t\t\t\t<div class=\"elementor-container elementor-column-gap-default\">\n\t\t\t\t\t<div class=\"elementor-column elementor-col-100 elementor-top-column elementor-element elementor-element-459843a\" data-id=\"459843a\" data-element_type=\"column\">\n\t\t\t<div class=\"elementor-widget-wrap elementor-element-populated\">\n\t\t\t\t\t\t<div class=\"elementor-element elementor-element-4f6b3c5 elementor-widget elementor-widget-heading\" data-id=\"4f6b3c5\" data-element_type=\"widget\" data-widget_type=\"heading.default\">\n\t\t\t\t<div class=\"elementor-widget-container\">\n\t\t\t<h2 class=\"elementor-heading-title elementor-size-default\">Estruturas Arqueol\u00f3gicas<\/h2>\t\t<\/div>\n\t\t\t\t<\/div>\n\t\t\t\t\t<\/div>\n\t\t<\/div>\n\t\t\t\t\t<\/div>\n\t\t<\/section>\n\t\t\t\t<section class=\"elementor-section elementor-top-section elementor-element elementor-element-3ca5338 elementor-section-boxed elementor-section-height-default elementor-section-height-default\" data-id=\"3ca5338\" data-element_type=\"section\" data-settings=\"{&quot;jet_parallax_layout_list&quot;:[]}\">\n\t\t\t\t\t\t<div class=\"elementor-container elementor-column-gap-default\">\n\t\t\t\t\t<div class=\"elementor-column elementor-col-100 elementor-top-column elementor-element elementor-element-1b0bdf5\" data-id=\"1b0bdf5\" data-element_type=\"column\">\n\t\t\t<div class=\"elementor-widget-wrap elementor-element-populated\">\n\t\t\t\t\t\t<div class=\"elementor-element elementor-element-4db3231 elementor-widget elementor-widget-text-editor\" data-id=\"4db3231\" data-element_type=\"widget\" data-widget_type=\"text-editor.default\">\n\t\t\t\t<div class=\"elementor-widget-container\">\n\t\t\t\t\t\t\t<p>A Igreja de S\u00e3o Rom\u00e3o apresenta uma arquitetura simples e funcional, t\u00edpica das igrejas paroquiais rurais do interior algarvio, marcada pela sobriedade exterior e pela adapta\u00e7\u00e3o aos recursos locais.<\/p><p>\u00a0<\/p><p>O edif\u00edcio destaca-se por:<\/p><p>&#8211; Planta de nave \u00fanica, com capela-mor diferenciada;<\/p><p>&#8211; Fachada principal de linhas simples, encimada por sineira, elemento caracter\u00edstico das igrejas serranas;<\/p><p>&#8211; Interior acolhedor, com altar dedicado a S\u00e3o Rom\u00e3o e outros elementos de devo\u00e7\u00e3o popular.<\/p><p>\u00a0<\/p><p>Ao longo do tempo, a igreja foi sendo enriquecida com imagens sacras, alfaias religiosas e elementos decorativos que refletem a religiosidade popular e o contributo da comunidade.<\/p>\t\t\t\t\t\t<\/div>\n\t\t\t\t<\/div>\n\t\t\t\t\t<\/div>\n\t\t<\/div>\n\t\t\t\t\t<\/div>\n\t\t<\/section>\n\t\t\t\t<section class=\"elementor-section elementor-top-section elementor-element elementor-element-ed73486 elementor-section-boxed elementor-section-height-default elementor-section-height-default\" data-id=\"ed73486\" data-element_type=\"section\" data-settings=\"{&quot;jet_parallax_layout_list&quot;:[]}\">\n\t\t\t\t\t\t<div class=\"elementor-container elementor-column-gap-default\">\n\t\t\t\t\t<div class=\"elementor-column elementor-col-100 elementor-top-column elementor-element elementor-element-3f8a160\" data-id=\"3f8a160\" data-element_type=\"column\">\n\t\t\t<div class=\"elementor-widget-wrap elementor-element-populated\">\n\t\t\t\t\t\t<div class=\"elementor-element elementor-element-3ce81e3 elementor-widget elementor-widget-spacer\" data-id=\"3ce81e3\" data-element_type=\"widget\" data-widget_type=\"spacer.default\">\n\t\t\t\t<div class=\"elementor-widget-container\">\n\t\t\t\t\t<div class=\"elementor-spacer\">\n\t\t\t<div class=\"elementor-spacer-inner\"><\/div>\n\t\t<\/div>\n\t\t\t\t<\/div>\n\t\t\t\t<\/div>\n\t\t\t\t\t<\/div>\n\t\t<\/div>\n\t\t\t\t\t<\/div>\n\t\t<\/section>\n\t\t\t\t<section class=\"elementor-section elementor-top-section elementor-element elementor-element-37c1192 elementor-section-boxed elementor-section-height-default elementor-section-height-default\" data-id=\"37c1192\" data-element_type=\"section\" data-settings=\"{&quot;jet_parallax_layout_list&quot;:[]}\">\n\t\t\t\t\t\t<div class=\"elementor-container elementor-column-gap-default\">\n\t\t\t\t\t<div class=\"elementor-column elementor-col-100 elementor-top-column elementor-element elementor-element-6055b8b\" data-id=\"6055b8b\" data-element_type=\"column\">\n\t\t\t<div class=\"elementor-widget-wrap elementor-element-populated\">\n\t\t\t\t\t\t<div class=\"elementor-element elementor-element-12ce8ea elementor-widget elementor-widget-heading\" data-id=\"12ce8ea\" data-element_type=\"widget\" data-widget_type=\"heading.default\">\n\t\t\t\t<div class=\"elementor-widget-container\">\n\t\t\t<h2 class=\"elementor-heading-title elementor-size-default\">Centro da Vida Religiosa e Social<\/h2>\t\t<\/div>\n\t\t\t\t<\/div>\n\t\t\t\t\t<\/div>\n\t\t<\/div>\n\t\t\t\t\t<\/div>\n\t\t<\/section>\n\t\t\t\t<section class=\"elementor-section elementor-top-section elementor-element elementor-element-959602f elementor-section-boxed elementor-section-height-default elementor-section-height-default\" data-id=\"959602f\" data-element_type=\"section\" data-settings=\"{&quot;jet_parallax_layout_list&quot;:[]}\">\n\t\t\t\t\t\t<div class=\"elementor-container elementor-column-gap-default\">\n\t\t\t\t\t<div class=\"elementor-column elementor-col-100 elementor-top-column elementor-element elementor-element-69b1069\" data-id=\"69b1069\" data-element_type=\"column\">\n\t\t\t<div class=\"elementor-widget-wrap elementor-element-populated\">\n\t\t\t\t\t\t<div class=\"elementor-element elementor-element-55698f0 elementor-widget elementor-widget-text-editor\" data-id=\"55698f0\" data-element_type=\"widget\" data-widget_type=\"text-editor.default\">\n\t\t\t\t<div class=\"elementor-widget-container\">\n\t\t\t\t\t\t\t<p>A Igreja de S\u00e3o Rom\u00e3o continua a desempenhar um papel central na vida da freguesia, sendo palco das celebra\u00e7\u00f5es religiosas mais importantes, incluindo a festa em honra de S\u00e3o Rom\u00e3o, que constitui um dos momentos altos do calend\u00e1rio religioso e cultural de Alferce.<\/p><p>\u00a0<\/p><p>Para al\u00e9m das cerim\u00f3nias lit\u00fargicas, a igreja \u00e9 um s\u00edmbolo de continuidade e mem\u00f3ria coletiva, associada a batizados, casamentos, funerais e outros momentos marcantes da vida da popula\u00e7\u00e3o.<\/p>\t\t\t\t\t\t<\/div>\n\t\t\t\t<\/div>\n\t\t\t\t\t<\/div>\n\t\t<\/div>\n\t\t\t\t\t<\/div>\n\t\t<\/section>\n\t\t\t\t<section class=\"elementor-section elementor-top-section elementor-element elementor-element-d2df2a1 elementor-section-boxed elementor-section-height-default elementor-section-height-default\" data-id=\"d2df2a1\" data-element_type=\"section\" data-settings=\"{&quot;jet_parallax_layout_list&quot;:[]}\">\n\t\t\t\t\t\t<div class=\"elementor-container elementor-column-gap-default\">\n\t\t\t\t\t<div class=\"elementor-column elementor-col-100 elementor-top-column elementor-element elementor-element-4c4c106\" data-id=\"4c4c106\" data-element_type=\"column\">\n\t\t\t<div class=\"elementor-widget-wrap elementor-element-populated\">\n\t\t\t\t\t\t<div class=\"elementor-element elementor-element-139b4bb elementor-widget elementor-widget-spacer\" data-id=\"139b4bb\" data-element_type=\"widget\" data-widget_type=\"spacer.default\">\n\t\t\t\t<div class=\"elementor-widget-container\">\n\t\t\t\t\t<div class=\"elementor-spacer\">\n\t\t\t<div class=\"elementor-spacer-inner\"><\/div>\n\t\t<\/div>\n\t\t\t\t<\/div>\n\t\t\t\t<\/div>\n\t\t\t\t\t<\/div>\n\t\t<\/div>\n\t\t\t\t\t<\/div>\n\t\t<\/section>\n\t\t\t\t<\/div>\n\t\t","protected":false},"excerpt":{"rendered":"<p>A Igreja de S\u00e3o Rom\u00e3o, situada no centro da aldeia de Alferce, \u00e9 um dos principais marcos do patrim\u00f3nio hist\u00f3rico, religioso e identit\u00e1rio da freguesia. Para al\u00e9m da sua fun\u00e7\u00e3o espiritual, a igreja tem sido, ao longo dos s\u00e9culos, um importante ponto de encontro da comunidade, acompanhando a evolu\u00e7\u00e3o da povoa\u00e7\u00e3o e da vida social [&hellip;]<\/p>\n","protected":false},"author":2,"featured_media":0,"parent":744,"menu_order":0,"comment_status":"closed","ping_status":"closed","template":"","meta":{"footnotes":""},"class_list":["post-2566","page","type-page","status-publish","hentry"],"_links":{"self":[{"href":"https:\/\/jf-alferce.pt\/index.php?rest_route=\/wp\/v2\/pages\/2566","targetHints":{"allow":["GET"]}}],"collection":[{"href":"https:\/\/jf-alferce.pt\/index.php?rest_route=\/wp\/v2\/pages"}],"about":[{"href":"https:\/\/jf-alferce.pt\/index.php?rest_route=\/wp\/v2\/types\/page"}],"author":[{"embeddable":true,"href":"https:\/\/jf-alferce.pt\/index.php?rest_route=\/wp\/v2\/users\/2"}],"replies":[{"embeddable":true,"href":"https:\/\/jf-alferce.pt\/index.php?rest_route=%2Fwp%2Fv2%2Fcomments&post=2566"}],"version-history":[{"count":8,"href":"https:\/\/jf-alferce.pt\/index.php?rest_route=\/wp\/v2\/pages\/2566\/revisions"}],"predecessor-version":[{"id":2728,"href":"https:\/\/jf-alferce.pt\/index.php?rest_route=\/wp\/v2\/pages\/2566\/revisions\/2728"}],"up":[{"embeddable":true,"href":"https:\/\/jf-alferce.pt\/index.php?rest_route=\/wp\/v2\/pages\/744"}],"wp:attachment":[{"href":"https:\/\/jf-alferce.pt\/index.php?rest_route=%2Fwp%2Fv2%2Fmedia&parent=2566"}],"curies":[{"name":"wp","href":"https:\/\/api.w.org\/{rel}","templated":true}]}}