{"id":2588,"date":"2026-04-15T16:02:06","date_gmt":"2026-04-15T15:02:06","guid":{"rendered":"https:\/\/jf-alferce.pt\/?page_id=2588"},"modified":"2026-04-15T16:02:06","modified_gmt":"2026-04-15T15:02:06","slug":"promissao-de-sao-romao","status":"publish","type":"page","link":"https:\/\/jf-alferce.pt\/?page_id=2588","title":{"rendered":"Promiss\u00e3o de S\u00e3o Rom\u00e3o"},"content":{"rendered":"\t\t<div data-elementor-type=\"wp-page\" data-elementor-id=\"2588\" class=\"elementor elementor-2588\" data-elementor-post-type=\"page\">\n\t\t\t\t\t\t<section class=\"elementor-section elementor-top-section elementor-element elementor-element-8866986 elementor-section-boxed elementor-section-height-default elementor-section-height-default\" data-id=\"8866986\" data-element_type=\"section\" data-settings=\"{&quot;jet_parallax_layout_list&quot;:[]}\">\n\t\t\t\t\t\t<div class=\"elementor-container elementor-column-gap-default\">\n\t\t\t\t\t<div class=\"elementor-column elementor-col-100 elementor-top-column elementor-element elementor-element-130ac52\" data-id=\"130ac52\" data-element_type=\"column\">\n\t\t\t<div class=\"elementor-widget-wrap elementor-element-populated\">\n\t\t\t\t\t\t<div class=\"elementor-element elementor-element-6d828b4 elementor-widget elementor-widget-spacer\" data-id=\"6d828b4\" data-element_type=\"widget\" data-widget_type=\"spacer.default\">\n\t\t\t\t<div class=\"elementor-widget-container\">\n\t\t\t\t\t<div class=\"elementor-spacer\">\n\t\t\t<div class=\"elementor-spacer-inner\"><\/div>\n\t\t<\/div>\n\t\t\t\t<\/div>\n\t\t\t\t<\/div>\n\t\t\t\t\t<\/div>\n\t\t<\/div>\n\t\t\t\t\t<\/div>\n\t\t<\/section>\n\t\t\t\t<section class=\"elementor-section elementor-top-section elementor-element elementor-element-c009562 elementor-section-boxed elementor-section-height-default elementor-section-height-default\" data-id=\"c009562\" data-element_type=\"section\" data-settings=\"{&quot;jet_parallax_layout_list&quot;:[]}\">\n\t\t\t\t\t\t<div class=\"elementor-container elementor-column-gap-default\">\n\t\t\t\t\t<div class=\"elementor-column elementor-col-100 elementor-top-column elementor-element elementor-element-31d7b68\" data-id=\"31d7b68\" data-element_type=\"column\">\n\t\t\t<div class=\"elementor-widget-wrap elementor-element-populated\">\n\t\t\t\t\t\t<div class=\"elementor-element elementor-element-fd37552 elementor-widget elementor-widget-text-editor\" data-id=\"fd37552\" data-element_type=\"widget\" data-widget_type=\"text-editor.default\">\n\t\t\t\t<div class=\"elementor-widget-container\">\n\t\t\t\t\t\t\t<p>A Prociss\u00e3o de S\u00e3o Rom\u00e3o, integrada na Festa de S\u00e3o Rom\u00e3o que decorre no primeiro fim-de-semana de Agosto, \u00e9 uma das mais antigas manifesta\u00e7\u00f5es religiosas e culturais da freguesia de Alferce. Esta prociss\u00e3o re\u00fane anualmente a popula\u00e7\u00e3o local, antigos residentes e visitantes, refor\u00e7ando os la\u00e7os de identidade e perten\u00e7a.<\/p>\t\t\t\t\t\t<\/div>\n\t\t\t\t<\/div>\n\t\t\t\t\t<\/div>\n\t\t<\/div>\n\t\t\t\t\t<\/div>\n\t\t<\/section>\n\t\t\t\t<section class=\"elementor-section elementor-top-section elementor-element elementor-element-ae16bf2 elementor-section-boxed elementor-section-height-default elementor-section-height-default\" data-id=\"ae16bf2\" data-element_type=\"section\" data-settings=\"{&quot;jet_parallax_layout_list&quot;:[]}\">\n\t\t\t\t\t\t<div class=\"elementor-container elementor-column-gap-default\">\n\t\t\t\t\t<div class=\"elementor-column elementor-col-100 elementor-top-column elementor-element elementor-element-fffb479\" data-id=\"fffb479\" data-element_type=\"column\">\n\t\t\t<div class=\"elementor-widget-wrap elementor-element-populated\">\n\t\t\t\t\t\t<div class=\"elementor-element elementor-element-6fb27dc elementor-widget elementor-widget-spacer\" data-id=\"6fb27dc\" data-element_type=\"widget\" data-widget_type=\"spacer.default\">\n\t\t\t\t<div class=\"elementor-widget-container\">\n\t\t\t\t\t<div class=\"elementor-spacer\">\n\t\t\t<div class=\"elementor-spacer-inner\"><\/div>\n\t\t<\/div>\n\t\t\t\t<\/div>\n\t\t\t\t<\/div>\n\t\t\t\t\t<\/div>\n\t\t<\/div>\n\t\t\t\t\t<\/div>\n\t\t<\/section>\n\t\t\t\t<section class=\"elementor-section elementor-top-section elementor-element elementor-element-887d222 elementor-section-boxed elementor-section-height-default elementor-section-height-default\" data-id=\"887d222\" data-element_type=\"section\" data-settings=\"{&quot;jet_parallax_layout_list&quot;:[]}\">\n\t\t\t\t\t\t<div class=\"elementor-container elementor-column-gap-default\">\n\t\t\t\t\t<div class=\"elementor-column elementor-col-100 elementor-top-column elementor-element elementor-element-1ca9321\" data-id=\"1ca9321\" data-element_type=\"column\">\n\t\t\t<div class=\"elementor-widget-wrap elementor-element-populated\">\n\t\t\t\t\t\t<div class=\"elementor-element elementor-element-95e80ce elementor-widget elementor-widget-heading\" data-id=\"95e80ce\" data-element_type=\"widget\" data-widget_type=\"heading.default\">\n\t\t\t\t<div class=\"elementor-widget-container\">\n\t\t\t<h2 class=\"elementor-heading-title elementor-size-default\">Tradi\u00e7\u00e3o e Significado<\/h2>\t\t<\/div>\n\t\t\t\t<\/div>\n\t\t\t\t\t<\/div>\n\t\t<\/div>\n\t\t\t\t\t<\/div>\n\t\t<\/section>\n\t\t\t\t<section class=\"elementor-section elementor-top-section elementor-element elementor-element-65573c8 elementor-section-boxed elementor-section-height-default elementor-section-height-default\" data-id=\"65573c8\" data-element_type=\"section\" data-settings=\"{&quot;jet_parallax_layout_list&quot;:[]}\">\n\t\t\t\t\t\t<div class=\"elementor-container elementor-column-gap-default\">\n\t\t\t\t\t<div class=\"elementor-column elementor-col-100 elementor-top-column elementor-element elementor-element-84a3c24\" data-id=\"84a3c24\" data-element_type=\"column\">\n\t\t\t<div class=\"elementor-widget-wrap elementor-element-populated\">\n\t\t\t\t\t\t<div class=\"elementor-element elementor-element-b63b42e elementor-widget elementor-widget-text-editor\" data-id=\"b63b42e\" data-element_type=\"widget\" data-widget_type=\"text-editor.default\">\n\t\t\t\t<div class=\"elementor-widget-container\">\n\t\t\t\t\t\t\t<p>Com origens antigas, a Prociss\u00e3o de S\u00e3o Rom\u00e3o reflete a profunda liga\u00e7\u00e3o da comunidade \u00e0 f\u00e9 crist\u00e3 e \u00e0 prote\u00e7\u00e3o do seu padroeiro. Ao longo do tempo, a prociss\u00e3o assumiu n\u00e3o apenas um car\u00e1cter religioso, mas tamb\u00e9m social e cultural, sendo um momento de encontro entre gera\u00e7\u00f5es e de afirma\u00e7\u00e3o das tradi\u00e7\u00f5es locais.<\/p><p>\u00a0<\/p><p>S\u00e3o Rom\u00e3o \u00e9 tradicionalmente invocado como protetor da comunidade, sendo-lhe atribu\u00edda a intercess\u00e3o em per\u00edodos de dificuldade, como doen\u00e7as, m\u00e1s colheitas ou intemp\u00e9ries, o que refor\u00e7ou a devo\u00e7\u00e3o popular ao longo da hist\u00f3ria.<\/p>\t\t\t\t\t\t<\/div>\n\t\t\t\t<\/div>\n\t\t\t\t\t<\/div>\n\t\t<\/div>\n\t\t\t\t\t<\/div>\n\t\t<\/section>\n\t\t\t\t<section class=\"elementor-section elementor-top-section elementor-element elementor-element-ed73486 elementor-section-boxed elementor-section-height-default elementor-section-height-default\" data-id=\"ed73486\" data-element_type=\"section\" data-settings=\"{&quot;jet_parallax_layout_list&quot;:[]}\">\n\t\t\t\t\t\t<div class=\"elementor-container elementor-column-gap-default\">\n\t\t\t\t\t<div class=\"elementor-column elementor-col-100 elementor-top-column elementor-element elementor-element-3f8a160\" data-id=\"3f8a160\" data-element_type=\"column\">\n\t\t\t<div class=\"elementor-widget-wrap elementor-element-populated\">\n\t\t\t\t\t\t<div class=\"elementor-element elementor-element-3ce81e3 elementor-widget elementor-widget-spacer\" data-id=\"3ce81e3\" data-element_type=\"widget\" data-widget_type=\"spacer.default\">\n\t\t\t\t<div class=\"elementor-widget-container\">\n\t\t\t\t\t<div class=\"elementor-spacer\">\n\t\t\t<div class=\"elementor-spacer-inner\"><\/div>\n\t\t<\/div>\n\t\t\t\t<\/div>\n\t\t\t\t<\/div>\n\t\t\t\t\t<\/div>\n\t\t<\/div>\n\t\t\t\t\t<\/div>\n\t\t<\/section>\n\t\t\t\t<section class=\"elementor-section elementor-top-section elementor-element elementor-element-5e10655 elementor-section-boxed elementor-section-height-default elementor-section-height-default\" data-id=\"5e10655\" data-element_type=\"section\" data-settings=\"{&quot;jet_parallax_layout_list&quot;:[]}\">\n\t\t\t\t\t\t<div class=\"elementor-container elementor-column-gap-default\">\n\t\t\t\t\t<div class=\"elementor-column elementor-col-100 elementor-top-column elementor-element elementor-element-0ce92be\" data-id=\"0ce92be\" data-element_type=\"column\">\n\t\t\t<div class=\"elementor-widget-wrap elementor-element-populated\">\n\t\t\t\t\t\t<div class=\"elementor-element elementor-element-43326ad elementor-widget elementor-widget-heading\" data-id=\"43326ad\" data-element_type=\"widget\" data-widget_type=\"heading.default\">\n\t\t\t\t<div class=\"elementor-widget-container\">\n\t\t\t<h2 class=\"elementor-heading-title elementor-size-default\">Percurso e Ritual<\/h2>\t\t<\/div>\n\t\t\t\t<\/div>\n\t\t\t\t\t<\/div>\n\t\t<\/div>\n\t\t\t\t\t<\/div>\n\t\t<\/section>\n\t\t\t\t<section class=\"elementor-section elementor-top-section elementor-element elementor-element-e14ed36 elementor-section-boxed elementor-section-height-default elementor-section-height-default\" data-id=\"e14ed36\" data-element_type=\"section\" data-settings=\"{&quot;jet_parallax_layout_list&quot;:[]}\">\n\t\t\t\t\t\t<div class=\"elementor-container elementor-column-gap-default\">\n\t\t\t\t\t<div class=\"elementor-column elementor-col-100 elementor-top-column elementor-element elementor-element-7e95cd2\" data-id=\"7e95cd2\" data-element_type=\"column\">\n\t\t\t<div class=\"elementor-widget-wrap elementor-element-populated\">\n\t\t\t\t\t\t<div class=\"elementor-element elementor-element-7386a69 elementor-widget elementor-widget-text-editor\" data-id=\"7386a69\" data-element_type=\"widget\" data-widget_type=\"text-editor.default\">\n\t\t\t\t<div class=\"elementor-widget-container\">\n\t\t\t\t\t\t\t<p>A prociss\u00e3o percorre as ruas principais da aldeia de Alferce, partindo da Igreja Paroquial de S\u00e3o Rom\u00e3o e envolvendo um trajeto preparado pelos habitantes. Durante o percurso, a imagem de S\u00e3o Rom\u00e3o \u00e9 acompanhada por fi\u00e9is, membros da comunidade, representantes religiosos e, em muitos casos, pela banda filarm\u00f3nica ou c\u00e2nticos lit\u00fargicos, que conferem solenidade ao momento.<\/p>\t\t\t\t\t\t<\/div>\n\t\t\t\t<\/div>\n\t\t\t\t\t<\/div>\n\t\t<\/div>\n\t\t\t\t\t<\/div>\n\t\t<\/section>\n\t\t\t\t<section class=\"elementor-section elementor-top-section elementor-element elementor-element-7b889ca elementor-section-boxed elementor-section-height-default elementor-section-height-default\" data-id=\"7b889ca\" data-element_type=\"section\" data-settings=\"{&quot;jet_parallax_layout_list&quot;:[]}\">\n\t\t\t\t\t\t<div class=\"elementor-container elementor-column-gap-default\">\n\t\t\t\t\t<div class=\"elementor-column elementor-col-100 elementor-top-column elementor-element elementor-element-acb1f25\" data-id=\"acb1f25\" data-element_type=\"column\">\n\t\t\t<div class=\"elementor-widget-wrap elementor-element-populated\">\n\t\t\t\t\t\t<div class=\"elementor-element elementor-element-65af21e elementor-widget elementor-widget-spacer\" data-id=\"65af21e\" data-element_type=\"widget\" data-widget_type=\"spacer.default\">\n\t\t\t\t<div class=\"elementor-widget-container\">\n\t\t\t\t\t<div class=\"elementor-spacer\">\n\t\t\t<div class=\"elementor-spacer-inner\"><\/div>\n\t\t<\/div>\n\t\t\t\t<\/div>\n\t\t\t\t<\/div>\n\t\t\t\t\t<\/div>\n\t\t<\/div>\n\t\t\t\t\t<\/div>\n\t\t<\/section>\n\t\t\t\t<section class=\"elementor-section elementor-top-section elementor-element elementor-element-e9767ab elementor-section-boxed elementor-section-height-default elementor-section-height-default\" data-id=\"e9767ab\" data-element_type=\"section\" data-settings=\"{&quot;jet_parallax_layout_list&quot;:[]}\">\n\t\t\t\t\t\t<div class=\"elementor-container elementor-column-gap-default\">\n\t\t\t\t\t<div class=\"elementor-column elementor-col-100 elementor-top-column elementor-element elementor-element-6f82ec3\" data-id=\"6f82ec3\" data-element_type=\"column\">\n\t\t\t<div class=\"elementor-widget-wrap elementor-element-populated\">\n\t\t\t\t\t\t<div class=\"elementor-element elementor-element-d5dca32 elementor-widget elementor-widget-heading\" data-id=\"d5dca32\" data-element_type=\"widget\" data-widget_type=\"heading.default\">\n\t\t\t\t<div class=\"elementor-widget-container\">\n\t\t\t<h2 class=\"elementor-heading-title elementor-size-default\">Participa\u00e7\u00e3o da Comunidade<\/h2>\t\t<\/div>\n\t\t\t\t<\/div>\n\t\t\t\t\t<\/div>\n\t\t<\/div>\n\t\t\t\t\t<\/div>\n\t\t<\/section>\n\t\t\t\t<section class=\"elementor-section elementor-top-section elementor-element elementor-element-4bf65cb elementor-section-boxed elementor-section-height-default elementor-section-height-default\" data-id=\"4bf65cb\" data-element_type=\"section\" data-settings=\"{&quot;jet_parallax_layout_list&quot;:[]}\">\n\t\t\t\t\t\t<div class=\"elementor-container elementor-column-gap-default\">\n\t\t\t\t\t<div class=\"elementor-column elementor-col-100 elementor-top-column elementor-element elementor-element-819e0a9\" data-id=\"819e0a9\" data-element_type=\"column\">\n\t\t\t<div class=\"elementor-widget-wrap elementor-element-populated\">\n\t\t\t\t\t\t<div class=\"elementor-element elementor-element-ebd34e8 elementor-widget elementor-widget-text-editor\" data-id=\"ebd34e8\" data-element_type=\"widget\" data-widget_type=\"text-editor.default\">\n\t\t\t\t<div class=\"elementor-widget-container\">\n\t\t\t\t\t\t\t<p>A prepara\u00e7\u00e3o da prociss\u00e3o envolve um forte esp\u00edrito de colabora\u00e7\u00e3o comunit\u00e1ria, desde a limpeza e ornamenta\u00e7\u00e3o da igreja at\u00e9 \u00e0 organiza\u00e7\u00e3o log\u00edstica e lit\u00fargica. Este envolvimento coletivo transforma a prociss\u00e3o num verdadeiro patrim\u00f3nio imaterial, transmitido de gera\u00e7\u00e3o em gera\u00e7\u00e3o. Para muitos habitantes e emigrantes, a Prociss\u00e3o de S\u00e3o Rom\u00e3o \u00e9 tamb\u00e9m um momento de regresso \u00e0 terra natal, refor\u00e7ando a liga\u00e7\u00e3o afetiva a Alferce.<\/p>\t\t\t\t\t\t<\/div>\n\t\t\t\t<\/div>\n\t\t\t\t\t<\/div>\n\t\t<\/div>\n\t\t\t\t\t<\/div>\n\t\t<\/section>\n\t\t\t\t<section class=\"elementor-section elementor-top-section elementor-element elementor-element-ba739e4 elementor-section-boxed elementor-section-height-default elementor-section-height-default\" data-id=\"ba739e4\" data-element_type=\"section\" data-settings=\"{&quot;jet_parallax_layout_list&quot;:[]}\">\n\t\t\t\t\t\t<div class=\"elementor-container elementor-column-gap-default\">\n\t\t\t\t\t<div class=\"elementor-column elementor-col-100 elementor-top-column elementor-element elementor-element-0b0576a\" data-id=\"0b0576a\" data-element_type=\"column\">\n\t\t\t<div class=\"elementor-widget-wrap elementor-element-populated\">\n\t\t\t\t\t\t<div class=\"elementor-element elementor-element-a326132 elementor-widget elementor-widget-spacer\" data-id=\"a326132\" data-element_type=\"widget\" data-widget_type=\"spacer.default\">\n\t\t\t\t<div class=\"elementor-widget-container\">\n\t\t\t\t\t<div class=\"elementor-spacer\">\n\t\t\t<div class=\"elementor-spacer-inner\"><\/div>\n\t\t<\/div>\n\t\t\t\t<\/div>\n\t\t\t\t<\/div>\n\t\t\t\t\t<\/div>\n\t\t<\/div>\n\t\t\t\t\t<\/div>\n\t\t<\/section>\n\t\t\t\t<section class=\"elementor-section elementor-top-section elementor-element elementor-element-a395f7c elementor-section-boxed elementor-section-height-default elementor-section-height-default\" data-id=\"a395f7c\" data-element_type=\"section\" data-settings=\"{&quot;jet_parallax_layout_list&quot;:[]}\">\n\t\t\t\t\t\t<div class=\"elementor-container elementor-column-gap-default\">\n\t\t\t\t\t<div class=\"elementor-column elementor-col-100 elementor-top-column elementor-element elementor-element-f2b75e0\" data-id=\"f2b75e0\" data-element_type=\"column\">\n\t\t\t<div class=\"elementor-widget-wrap elementor-element-populated\">\n\t\t\t\t\t\t<div class=\"elementor-element elementor-element-72159d1 elementor-widget__width-initial elementor-widget elementor-widget-image\" data-id=\"72159d1\" data-element_type=\"widget\" data-widget_type=\"image.default\">\n\t\t\t\t<div class=\"elementor-widget-container\">\n\t\t\t\t\t\t\t\t\t\t\t\t\t<img fetchpriority=\"high\" decoding=\"async\" width=\"768\" height=\"1189\" src=\"https:\/\/jf-alferce.pt\/wp-content\/uploads\/2026\/04\/IMG_3598-768x1189.jpg\" class=\"attachment-medium_large size-medium_large wp-image-2699\" alt=\"\" srcset=\"https:\/\/jf-alferce.pt\/wp-content\/uploads\/2026\/04\/IMG_3598-768x1189.jpg 768w, https:\/\/jf-alferce.pt\/wp-content\/uploads\/2026\/04\/IMG_3598-194x300.jpg 194w, https:\/\/jf-alferce.pt\/wp-content\/uploads\/2026\/04\/IMG_3598-662x1024.jpg 662w, https:\/\/jf-alferce.pt\/wp-content\/uploads\/2026\/04\/IMG_3598-992x1536.jpg 992w, https:\/\/jf-alferce.pt\/wp-content\/uploads\/2026\/04\/IMG_3598-1323x2048.jpg 1323w, https:\/\/jf-alferce.pt\/wp-content\/uploads\/2026\/04\/IMG_3598-scaled.jpg 1654w\" sizes=\"(max-width: 768px) 100vw, 768px\" \/>\t\t\t\t\t\t\t\t\t\t\t\t\t<\/div>\n\t\t\t\t<\/div>\n\t\t\t\t\t<\/div>\n\t\t<\/div>\n\t\t\t\t\t<\/div>\n\t\t<\/section>\n\t\t\t\t<\/div>\n\t\t","protected":false},"excerpt":{"rendered":"<p>A Prociss\u00e3o de S\u00e3o Rom\u00e3o, integrada na Festa de S\u00e3o Rom\u00e3o que decorre no primeiro fim-de-semana de Agosto, \u00e9 uma das mais antigas manifesta\u00e7\u00f5es religiosas e culturais da freguesia de Alferce. Esta prociss\u00e3o re\u00fane anualmente a popula\u00e7\u00e3o local, antigos residentes e visitantes, refor\u00e7ando os la\u00e7os de identidade e perten\u00e7a. Tradi\u00e7\u00e3o e Significado Com origens antigas, [&hellip;]<\/p>\n","protected":false},"author":2,"featured_media":0,"parent":744,"menu_order":0,"comment_status":"closed","ping_status":"closed","template":"","meta":{"footnotes":""},"class_list":["post-2588","page","type-page","status-publish","hentry"],"_links":{"self":[{"href":"https:\/\/jf-alferce.pt\/index.php?rest_route=\/wp\/v2\/pages\/2588","targetHints":{"allow":["GET"]}}],"collection":[{"href":"https:\/\/jf-alferce.pt\/index.php?rest_route=\/wp\/v2\/pages"}],"about":[{"href":"https:\/\/jf-alferce.pt\/index.php?rest_route=\/wp\/v2\/types\/page"}],"author":[{"embeddable":true,"href":"https:\/\/jf-alferce.pt\/index.php?rest_route=\/wp\/v2\/users\/2"}],"replies":[{"embeddable":true,"href":"https:\/\/jf-alferce.pt\/index.php?rest_route=%2Fwp%2Fv2%2Fcomments&post=2588"}],"version-history":[{"count":8,"href":"https:\/\/jf-alferce.pt\/index.php?rest_route=\/wp\/v2\/pages\/2588\/revisions"}],"predecessor-version":[{"id":2734,"href":"https:\/\/jf-alferce.pt\/index.php?rest_route=\/wp\/v2\/pages\/2588\/revisions\/2734"}],"up":[{"embeddable":true,"href":"https:\/\/jf-alferce.pt\/index.php?rest_route=\/wp\/v2\/pages\/744"}],"wp:attachment":[{"href":"https:\/\/jf-alferce.pt\/index.php?rest_route=%2Fwp%2Fv2%2Fmedia&parent=2588"}],"curies":[{"name":"wp","href":"https:\/\/api.w.org\/{rel}","templated":true}]}}