{"id":633,"date":"2021-05-15T11:07:36","date_gmt":"2021-05-15T10:07:36","guid":{"rendered":"https:\/\/dev.jf-alferce.pt\/?page_id=633"},"modified":"2026-04-16T15:53:59","modified_gmt":"2026-04-16T14:53:59","slug":"caracterizacao","status":"publish","type":"page","link":"https:\/\/jf-alferce.pt\/?page_id=633","title":{"rendered":"Caracteriza\u00e7\u00e3o"},"content":{"rendered":"\t\t<div data-elementor-type=\"wp-page\" data-elementor-id=\"633\" class=\"elementor elementor-633\" data-elementor-post-type=\"page\">\n\t\t\t\t\t\t<section class=\"elementor-section elementor-top-section elementor-element elementor-element-530f3f4 elementor-section-boxed elementor-section-height-default elementor-section-height-default\" data-id=\"530f3f4\" data-element_type=\"section\" data-settings=\"{&quot;jet_parallax_layout_list&quot;:[{&quot;jet_parallax_layout_image&quot;:{&quot;url&quot;:&quot;&quot;,&quot;id&quot;:&quot;&quot;,&quot;size&quot;:&quot;&quot;},&quot;_id&quot;:&quot;1ffdc44&quot;,&quot;jet_parallax_layout_image_tablet&quot;:{&quot;url&quot;:&quot;&quot;,&quot;id&quot;:&quot;&quot;,&quot;size&quot;:&quot;&quot;},&quot;jet_parallax_layout_image_mobile&quot;:{&quot;url&quot;:&quot;&quot;,&quot;id&quot;:&quot;&quot;,&quot;size&quot;:&quot;&quot;},&quot;jet_parallax_layout_speed&quot;:{&quot;unit&quot;:&quot;%&quot;,&quot;size&quot;:50,&quot;sizes&quot;:[]},&quot;jet_parallax_layout_type&quot;:&quot;scroll&quot;,&quot;jet_parallax_layout_direction&quot;:null,&quot;jet_parallax_layout_fx_direction&quot;:null,&quot;jet_parallax_layout_z_index&quot;:&quot;&quot;,&quot;jet_parallax_layout_bg_x&quot;:50,&quot;jet_parallax_layout_bg_x_tablet&quot;:&quot;&quot;,&quot;jet_parallax_layout_bg_x_mobile&quot;:&quot;&quot;,&quot;jet_parallax_layout_bg_y&quot;:50,&quot;jet_parallax_layout_bg_y_tablet&quot;:&quot;&quot;,&quot;jet_parallax_layout_bg_y_mobile&quot;:&quot;&quot;,&quot;jet_parallax_layout_bg_size&quot;:&quot;auto&quot;,&quot;jet_parallax_layout_bg_size_tablet&quot;:&quot;&quot;,&quot;jet_parallax_layout_bg_size_mobile&quot;:&quot;&quot;,&quot;jet_parallax_layout_animation_prop&quot;:&quot;transform&quot;,&quot;jet_parallax_layout_on&quot;:[&quot;desktop&quot;,&quot;tablet&quot;]}]}\">\n\t\t\t\t\t\t<div class=\"elementor-container elementor-column-gap-default\">\n\t\t\t\t\t<div class=\"elementor-column elementor-col-33 elementor-top-column elementor-element elementor-element-88b1710\" data-id=\"88b1710\" data-element_type=\"column\">\n\t\t\t<div class=\"elementor-widget-wrap elementor-element-populated\">\n\t\t\t\t\t\t<div class=\"elementor-element elementor-element-4327831 elementor-widget elementor-widget-text-editor\" data-id=\"4327831\" data-element_type=\"widget\" data-widget_type=\"text-editor.default\">\n\t\t\t\t<div class=\"elementor-widget-container\">\n\t\t\t\t\t\t\t<p>A freguesia de Alferce situa-se no concelho de Monchique, Algarve, Faro. O territ\u00f3rio abrange 95,31 km\u00b2 e est\u00e1 inserido na Serra de Monchique, com paisagens naturais de grande valor ecol\u00f3gico e ambiente rural de baixa densidade populacional.<\/p><p>Alferce confronta-se a norte com o concelho de Odemira e a sul com o concelho de Silves, tendo acessos importantes atrav\u00e9s da:<\/p><p>&#8211; EN267 que liga a freguesia a Monchique e S\u00e3o Marcos da Serra;<\/p><p>&#8211; EM1073 que assegura liga\u00e7\u00e3o a Portim\u00e3o e outras localidades do Algarve.<\/p><p>O relevo predominante \u00e9 caracterizado por montes, vales e cursos de \u00e1gua tempor\u00e1rios.<\/p>\t\t\t\t\t\t<\/div>\n\t\t\t\t<\/div>\n\t\t\t\t\t<\/div>\n\t\t<\/div>\n\t\t\t\t<div class=\"elementor-column elementor-col-33 elementor-top-column elementor-element elementor-element-7665b92\" data-id=\"7665b92\" data-element_type=\"column\">\n\t\t\t<div class=\"elementor-widget-wrap\">\n\t\t\t\t\t\t\t<\/div>\n\t\t<\/div>\n\t\t\t\t<div class=\"elementor-column elementor-col-33 elementor-top-column elementor-element elementor-element-df844ca\" data-id=\"df844ca\" data-element_type=\"column\">\n\t\t\t<div class=\"elementor-widget-wrap elementor-element-populated\">\n\t\t\t\t\t\t<div class=\"elementor-element elementor-element-9f26e71 elementor-widget elementor-widget-template\" data-id=\"9f26e71\" data-element_type=\"widget\" data-widget_type=\"template.default\">\n\t\t\t\t<div class=\"elementor-widget-container\">\n\t\t\t\t\t<div class=\"elementor-template\">\n\t\t\t\t\t<div data-elementor-type=\"section\" data-elementor-id=\"400\" class=\"elementor elementor-400\" data-elementor-post-type=\"elementor_library\">\n\t\t\t\t\t<section class=\"elementor-section elementor-top-section elementor-element elementor-element-24f31f5 elementor-section-boxed elementor-section-height-default elementor-section-height-default\" data-id=\"24f31f5\" data-element_type=\"section\" data-settings=\"{&quot;jet_parallax_layout_list&quot;:[{&quot;jet_parallax_layout_image&quot;:{&quot;url&quot;:&quot;&quot;,&quot;id&quot;:&quot;&quot;,&quot;size&quot;:&quot;&quot;},&quot;_id&quot;:&quot;3f84c46&quot;,&quot;jet_parallax_layout_image_tablet&quot;:{&quot;url&quot;:&quot;&quot;,&quot;id&quot;:&quot;&quot;,&quot;size&quot;:&quot;&quot;},&quot;jet_parallax_layout_image_mobile&quot;:{&quot;url&quot;:&quot;&quot;,&quot;id&quot;:&quot;&quot;,&quot;size&quot;:&quot;&quot;},&quot;jet_parallax_layout_speed&quot;:{&quot;unit&quot;:&quot;%&quot;,&quot;size&quot;:50,&quot;sizes&quot;:[]},&quot;jet_parallax_layout_type&quot;:&quot;scroll&quot;,&quot;jet_parallax_layout_direction&quot;:null,&quot;jet_parallax_layout_fx_direction&quot;:null,&quot;jet_parallax_layout_z_index&quot;:&quot;&quot;,&quot;jet_parallax_layout_bg_x&quot;:50,&quot;jet_parallax_layout_bg_x_tablet&quot;:&quot;&quot;,&quot;jet_parallax_layout_bg_x_mobile&quot;:&quot;&quot;,&quot;jet_parallax_layout_bg_y&quot;:50,&quot;jet_parallax_layout_bg_y_tablet&quot;:&quot;&quot;,&quot;jet_parallax_layout_bg_y_mobile&quot;:&quot;&quot;,&quot;jet_parallax_layout_bg_size&quot;:&quot;auto&quot;,&quot;jet_parallax_layout_bg_size_tablet&quot;:&quot;&quot;,&quot;jet_parallax_layout_bg_size_mobile&quot;:&quot;&quot;,&quot;jet_parallax_layout_animation_prop&quot;:&quot;transform&quot;,&quot;jet_parallax_layout_on&quot;:[&quot;desktop&quot;,&quot;tablet&quot;]}]}\">\n\t\t\t\t\t\t<div class=\"elementor-container elementor-column-gap-default\">\n\t\t\t\t\t<div class=\"elementor-column elementor-col-100 elementor-top-column elementor-element elementor-element-7914eae\" data-id=\"7914eae\" data-element_type=\"column\">\n\t\t\t<div class=\"elementor-widget-wrap elementor-element-populated\">\n\t\t\t\t\t\t<div class=\"elementor-element elementor-element-a0bdefc elementor-nav-menu__align-start elementor-nav-menu--dropdown-none elementor-widget elementor-widget-nav-menu\" data-id=\"a0bdefc\" data-element_type=\"widget\" data-settings=\"{&quot;layout&quot;:&quot;vertical&quot;,&quot;submenu_icon&quot;:{&quot;value&quot;:&quot;&lt;i class=\\&quot;fas fa-caret-down\\&quot;&gt;&lt;\\\/i&gt;&quot;,&quot;library&quot;:&quot;fa-solid&quot;}}\" data-widget_type=\"nav-menu.default\">\n\t\t\t\t<div class=\"elementor-widget-container\">\n\t\t\t\t\t\t<nav aria-label=\"Menu\" class=\"elementor-nav-menu--main elementor-nav-menu__container elementor-nav-menu--layout-vertical e--pointer-background e--animation-fade\">\n\t\t\t\t<ul id=\"menu-1-a0bdefc\" class=\"elementor-nav-menu sm-vertical\"><li class=\"menu-item menu-item-type-post_type menu-item-object-page menu-item-345\"><a href=\"https:\/\/jf-alferce.pt\/?page_id=240\" class=\"elementor-item\">Mensagem do Presidente<\/a><\/li>\n<li class=\"menu-item menu-item-type-post_type menu-item-object-page menu-item-342\"><a href=\"https:\/\/jf-alferce.pt\/?page_id=253\" class=\"elementor-item\">Autarcas<\/a><\/li>\n<li class=\"menu-item menu-item-type-post_type menu-item-object-page menu-item-344\"><a href=\"https:\/\/jf-alferce.pt\/?page_id=299\" class=\"elementor-item\">Hist\u00f3ria<\/a><\/li>\n<li class=\"menu-item menu-item-type-post_type menu-item-object-page menu-item-343\"><a href=\"https:\/\/jf-alferce.pt\/?page_id=332\" class=\"elementor-item\">Her\u00e1ldica<\/a><\/li>\n<li class=\"menu-item menu-item-type-post_type menu-item-object-page menu-item-638\"><a href=\"https:\/\/jf-alferce.pt\/?page_id=633\" class=\"elementor-item\">Caracteriza\u00e7\u00e3o<\/a><\/li>\n<\/ul>\t\t\t<\/nav>\n\t\t\t\t\t\t<nav class=\"elementor-nav-menu--dropdown elementor-nav-menu__container\" aria-hidden=\"true\">\n\t\t\t\t<ul id=\"menu-2-a0bdefc\" class=\"elementor-nav-menu sm-vertical\"><li class=\"menu-item menu-item-type-post_type menu-item-object-page menu-item-345\"><a href=\"https:\/\/jf-alferce.pt\/?page_id=240\" class=\"elementor-item\" tabindex=\"-1\">Mensagem do Presidente<\/a><\/li>\n<li class=\"menu-item menu-item-type-post_type menu-item-object-page menu-item-342\"><a href=\"https:\/\/jf-alferce.pt\/?page_id=253\" class=\"elementor-item\" tabindex=\"-1\">Autarcas<\/a><\/li>\n<li class=\"menu-item menu-item-type-post_type menu-item-object-page menu-item-344\"><a href=\"https:\/\/jf-alferce.pt\/?page_id=299\" class=\"elementor-item\" tabindex=\"-1\">Hist\u00f3ria<\/a><\/li>\n<li class=\"menu-item menu-item-type-post_type menu-item-object-page menu-item-343\"><a href=\"https:\/\/jf-alferce.pt\/?page_id=332\" class=\"elementor-item\" tabindex=\"-1\">Her\u00e1ldica<\/a><\/li>\n<li class=\"menu-item menu-item-type-post_type menu-item-object-page menu-item-638\"><a href=\"https:\/\/jf-alferce.pt\/?page_id=633\" class=\"elementor-item\" tabindex=\"-1\">Caracteriza\u00e7\u00e3o<\/a><\/li>\n<\/ul>\t\t\t<\/nav>\n\t\t\t\t<\/div>\n\t\t\t\t<\/div>\n\t\t\t\t\t<\/div>\n\t\t<\/div>\n\t\t\t\t\t<\/div>\n\t\t<\/section>\n\t\t\t\t<\/div>\n\t\t\t\t<\/div>\n\t\t\t\t<\/div>\n\t\t\t\t<\/div>\n\t\t\t\t\t<\/div>\n\t\t<\/div>\n\t\t\t\t\t<\/div>\n\t\t<\/section>\n\t\t\t\t<section class=\"elementor-section elementor-top-section elementor-element elementor-element-2b5f6e2 elementor-section-boxed elementor-section-height-default elementor-section-height-default\" data-id=\"2b5f6e2\" data-element_type=\"section\" data-settings=\"{&quot;jet_parallax_layout_list&quot;:[]}\">\n\t\t\t\t\t\t<div class=\"elementor-container elementor-column-gap-default\">\n\t\t\t\t\t<div class=\"elementor-column elementor-col-100 elementor-top-column elementor-element elementor-element-a92ef06\" data-id=\"a92ef06\" data-element_type=\"column\">\n\t\t\t<div class=\"elementor-widget-wrap elementor-element-populated\">\n\t\t\t\t\t\t<div class=\"elementor-element elementor-element-add7342 elementor-widget elementor-widget-heading\" data-id=\"add7342\" data-element_type=\"widget\" data-widget_type=\"heading.default\">\n\t\t\t\t<div class=\"elementor-widget-container\">\n\t\t\t<h2 class=\"elementor-heading-title elementor-size-default\">Evolu\u00e7\u00e3o Demogr\u00e1fica<\/h2>\t\t<\/div>\n\t\t\t\t<\/div>\n\t\t\t\t\t<\/div>\n\t\t<\/div>\n\t\t\t\t\t<\/div>\n\t\t<\/section>\n\t\t\t\t<section class=\"elementor-section elementor-top-section elementor-element elementor-element-093e6da elementor-section-boxed elementor-section-height-default elementor-section-height-default\" data-id=\"093e6da\" data-element_type=\"section\" data-settings=\"{&quot;jet_parallax_layout_list&quot;:[]}\">\n\t\t\t\t\t\t<div class=\"elementor-container elementor-column-gap-default\">\n\t\t\t\t\t<div class=\"elementor-column elementor-col-100 elementor-top-column elementor-element elementor-element-342dd97\" data-id=\"342dd97\" data-element_type=\"column\">\n\t\t\t<div class=\"elementor-widget-wrap elementor-element-populated\">\n\t\t\t\t\t\t<div class=\"elementor-element elementor-element-bf0842f elementor-widget elementor-widget-text-editor\" data-id=\"bf0842f\" data-element_type=\"widget\" data-widget_type=\"text-editor.default\">\n\t\t\t\t<div class=\"elementor-widget-container\">\n\t\t\t\t\t\t\t<p>De acordo com os Censos de 2021, a popula\u00e7\u00e3o residente em Alferce era de 391 habitantes, o que corresponde a uma densidade populacional muito baixa de cerca de 4,1 hab.\/km\u00b2 \u2014 caracter\u00edstica de zonas rurais e de baixa densidade demogr\u00e1fica em Portugal.<\/p><p><br><\/p>\n<p><\/p>\n<p>Historicamente, a popula\u00e7\u00e3o de Alferce tem vindo a diminuir de forma progressiva ao longo das \u00faltimas d\u00e9cadas:<\/p>\n<p>&#8211; 1864: 1 134 habitantes<\/p>\n<p>&#8211; 2001: 512 habitantes<\/p>\n<p>&#8211; 2011: 441 habitantes<\/p>\n<p>&#8211; 2021: 391 habitantes<\/p><p><br><\/p>\n<p><\/p>\n<p>Esta tend\u00eancia de decr\u00e9scimo populacional cont\u00ednuo est\u00e1 associada ao envelhecimento, \u00e0s migra\u00e7\u00f5es para \u00e1reas urbanas e \u00e0 redu\u00e7\u00e3o dos nascimentos. Al\u00e9m disso, existe uma propor\u00e7\u00e3o significativa de popula\u00e7\u00e3o na faixa com mais de 65 anos, embora haja presen\u00e7a de faixas et\u00e1rias mais jovens e economicamente ativas.<\/p>\t\t\t\t\t\t<\/div>\n\t\t\t\t<\/div>\n\t\t\t\t\t<\/div>\n\t\t<\/div>\n\t\t\t\t\t<\/div>\n\t\t<\/section>\n\t\t\t\t<section class=\"elementor-section elementor-top-section elementor-element elementor-element-0c80b76 elementor-section-boxed elementor-section-height-default elementor-section-height-default\" data-id=\"0c80b76\" data-element_type=\"section\" data-settings=\"{&quot;jet_parallax_layout_list&quot;:[]}\">\n\t\t\t\t\t\t<div class=\"elementor-container elementor-column-gap-default\">\n\t\t\t\t\t<div class=\"elementor-column elementor-col-100 elementor-top-column elementor-element elementor-element-a12cddf\" data-id=\"a12cddf\" data-element_type=\"column\">\n\t\t\t<div class=\"elementor-widget-wrap elementor-element-populated\">\n\t\t\t\t\t\t<div class=\"elementor-element elementor-element-170c3e2 elementor-widget elementor-widget-spacer\" data-id=\"170c3e2\" data-element_type=\"widget\" data-widget_type=\"spacer.default\">\n\t\t\t\t<div class=\"elementor-widget-container\">\n\t\t\t\t\t<div class=\"elementor-spacer\">\n\t\t\t<div class=\"elementor-spacer-inner\"><\/div>\n\t\t<\/div>\n\t\t\t\t<\/div>\n\t\t\t\t<\/div>\n\t\t\t\t\t<\/div>\n\t\t<\/div>\n\t\t\t\t\t<\/div>\n\t\t<\/section>\n\t\t\t\t<section class=\"elementor-section elementor-top-section elementor-element elementor-element-436506d elementor-section-boxed elementor-section-height-default elementor-section-height-default\" data-id=\"436506d\" data-element_type=\"section\" data-settings=\"{&quot;jet_parallax_layout_list&quot;:[]}\">\n\t\t\t\t\t\t<div class=\"elementor-container elementor-column-gap-default\">\n\t\t\t\t\t<div class=\"elementor-column elementor-col-100 elementor-top-column elementor-element elementor-element-77097da\" data-id=\"77097da\" data-element_type=\"column\">\n\t\t\t<div class=\"elementor-widget-wrap elementor-element-populated\">\n\t\t\t\t\t\t<div class=\"elementor-element elementor-element-f6b20e5 elementor-widget elementor-widget-heading\" data-id=\"f6b20e5\" data-element_type=\"widget\" data-widget_type=\"heading.default\">\n\t\t\t\t<div class=\"elementor-widget-container\">\n\t\t\t<h2 class=\"elementor-heading-title elementor-size-default\">Principais Atividades Econ\u00f3micas<\/h2>\t\t<\/div>\n\t\t\t\t<\/div>\n\t\t\t\t\t<\/div>\n\t\t<\/div>\n\t\t\t\t\t<\/div>\n\t\t<\/section>\n\t\t\t\t<section class=\"elementor-section elementor-top-section elementor-element elementor-element-78880fc elementor-section-boxed elementor-section-height-default elementor-section-height-default\" data-id=\"78880fc\" data-element_type=\"section\" data-settings=\"{&quot;jet_parallax_layout_list&quot;:[]}\">\n\t\t\t\t\t\t<div class=\"elementor-container elementor-column-gap-default\">\n\t\t\t\t\t<div class=\"elementor-column elementor-col-100 elementor-top-column elementor-element elementor-element-236e65d\" data-id=\"236e65d\" data-element_type=\"column\">\n\t\t\t<div class=\"elementor-widget-wrap elementor-element-populated\">\n\t\t\t\t\t\t<div class=\"elementor-element elementor-element-e082abb elementor-widget elementor-widget-text-editor\" data-id=\"e082abb\" data-element_type=\"widget\" data-widget_type=\"text-editor.default\">\n\t\t\t\t<div class=\"elementor-widget-container\">\n\t\t\t\t\t\t\t<p>A economia local \u00e9 baseada em atividades do setor prim\u00e1rio e atividades rurais adaptadas \u00e0s caracter\u00edsticas geogr\u00e1ficas da regi\u00e3o. Entre as principais atividades econ\u00f3micas desenvolvidas na freguesia destacam-se:<\/p><p style=\"padding-left: 40px;\">&#8211; Agricultura familiar e cultivo de produtos tradicionais;<\/p><p style=\"padding-left: 40px;\">&#8211; Apicultura, explora\u00e7\u00e3o de mel e derivados;<\/p><p style=\"padding-left: 40px;\">&#8211; Suinicultura, pequena produ\u00e7\u00e3o animal ligada \u00e0 pecu\u00e1ria familiar;<\/p><p style=\"padding-left: 40px;\">&#8211; Produtos tradicionais e gastronomia t\u00edpica, como o mel, azeite, enchidos e aguardente de medronho.<\/p><p>\u00a0<\/p><p>Atualmente, existe tamb\u00e9m um interesse crescente em atividades ligadas ao turismo de natureza e cultural, aproveitando o patrim\u00f3nio local e a paisagem natural da serra para atrair visitantes ao longo do ano.<\/p>\t\t\t\t\t\t<\/div>\n\t\t\t\t<\/div>\n\t\t\t\t\t<\/div>\n\t\t<\/div>\n\t\t\t\t\t<\/div>\n\t\t<\/section>\n\t\t\t\t<section class=\"elementor-section elementor-top-section elementor-element elementor-element-7657d52 elementor-section-boxed elementor-section-height-default elementor-section-height-default\" data-id=\"7657d52\" data-element_type=\"section\" data-settings=\"{&quot;jet_parallax_layout_list&quot;:[]}\">\n\t\t\t\t\t\t<div class=\"elementor-container elementor-column-gap-default\">\n\t\t\t\t\t<div class=\"elementor-column elementor-col-100 elementor-top-column elementor-element elementor-element-0878ee8\" data-id=\"0878ee8\" data-element_type=\"column\">\n\t\t\t<div class=\"elementor-widget-wrap elementor-element-populated\">\n\t\t\t\t\t\t<div class=\"elementor-element elementor-element-5bb6103 elementor-widget elementor-widget-spacer\" data-id=\"5bb6103\" data-element_type=\"widget\" data-widget_type=\"spacer.default\">\n\t\t\t\t<div class=\"elementor-widget-container\">\n\t\t\t\t\t<div class=\"elementor-spacer\">\n\t\t\t<div class=\"elementor-spacer-inner\"><\/div>\n\t\t<\/div>\n\t\t\t\t<\/div>\n\t\t\t\t<\/div>\n\t\t\t\t\t<\/div>\n\t\t<\/div>\n\t\t\t\t\t<\/div>\n\t\t<\/section>\n\t\t\t\t<\/div>\n\t\t","protected":false},"excerpt":{"rendered":"<p>A freguesia de Alferce situa-se no concelho de Monchique, Algarve, Faro. O territ\u00f3rio abrange 95,31 km\u00b2 e est\u00e1 inserido na Serra de Monchique, com paisagens naturais de grande valor ecol\u00f3gico e ambiente rural de baixa densidade populacional. Alferce confronta-se a norte com o concelho de Odemira e a sul com o concelho de Silves, tendo [&hellip;]<\/p>\n","protected":false},"author":1,"featured_media":0,"parent":0,"menu_order":0,"comment_status":"closed","ping_status":"closed","template":"","meta":{"footnotes":""},"class_list":["post-633","page","type-page","status-publish","hentry"],"_links":{"self":[{"href":"https:\/\/jf-alferce.pt\/index.php?rest_route=\/wp\/v2\/pages\/633","targetHints":{"allow":["GET"]}}],"collection":[{"href":"https:\/\/jf-alferce.pt\/index.php?rest_route=\/wp\/v2\/pages"}],"about":[{"href":"https:\/\/jf-alferce.pt\/index.php?rest_route=\/wp\/v2\/types\/page"}],"author":[{"embeddable":true,"href":"https:\/\/jf-alferce.pt\/index.php?rest_route=\/wp\/v2\/users\/1"}],"replies":[{"embeddable":true,"href":"https:\/\/jf-alferce.pt\/index.php?rest_route=%2Fwp%2Fv2%2Fcomments&post=633"}],"version-history":[{"count":8,"href":"https:\/\/jf-alferce.pt\/index.php?rest_route=\/wp\/v2\/pages\/633\/revisions"}],"predecessor-version":[{"id":2809,"href":"https:\/\/jf-alferce.pt\/index.php?rest_route=\/wp\/v2\/pages\/633\/revisions\/2809"}],"wp:attachment":[{"href":"https:\/\/jf-alferce.pt\/index.php?rest_route=%2Fwp%2Fv2%2Fmedia&parent=633"}],"curies":[{"name":"wp","href":"https:\/\/api.w.org\/{rel}","templated":true}]}}